{"id":5817,"date":"2019-09-13T12:46:34","date_gmt":"2019-09-13T09:46:34","guid":{"rendered":"https:\/\/dzidzio.com\/?post_type=product&#038;p=5817"},"modified":"2022-04-14T16:01:12","modified_gmt":"2022-04-14T13:01:12","slug":"titmchasove-tatu","status":"publish","type":"product","link":"https:\/\/dzidzio.com\/pl\/dzidzioshop\/products\/titmchasove-tatu\/","title":{"rendered":"\u0422\u0418\u041c\u0427\u0410\u0421\u041e\u0412\u0415 DZIDZIO \u0422\u0410\u0422\u0423"},"content":{"rendered":"<p class=\"qtranxs-available-languages-message qtranxs-available-languages-message-pl\">Przepraszamy, ten wpis jest dost\u0119pny tylko w j\u0119zyku <a href=\"https:\/\/dzidzio.com\/ua\/wp-json\/wp\/v2\/product\/5817\" class=\"qtranxs-available-language-link qtranxs-available-language-link-ua\" title=\"\u0423\u043a\u0440\u0430\u0457\u043d\u0441\u044c\u043a\u0430\">Ukrai\u0144ski<\/a>.<\/p>","protected":false},"excerpt":{"rendered":"<p>Przepraszamy, ten wpis jest dost\u0119pny tylko w j\u0119zyku Ukrai\u0144ski.<\/p>\n","protected":false},"featured_media":5809,"comment_status":"closed","ping_status":"closed","template":"","meta":[],"product_cat":[330],"product_tag":[],"yoast_head":"<!-- This site is optimized with the Yoast SEO plugin v18.5.1 - https:\/\/yoast.com\/wordpress\/plugins\/seo\/ -->\n<title>\u0422\u0418\u041c\u0427\u0410\u0421\u041e\u0412\u0415 DZIDZIO \u0422\u0410\u0422\u0423 - Dzidzio<\/title>\n<meta name=\"robots\" content=\"index, follow, max-snippet:-1, max-image-preview:large, max-video-preview:-1\" \/>\n<link rel=\"canonical\" href=\"https:\/\/dzidzio.com\/pl\/dzidzioshop\/products\/titmchasove-tatu\/\" \/>\n<meta property=\"og:locale\" content=\"pl_PL\" \/>\n<meta property=\"og:type\" content=\"article\" \/>\n<meta property=\"og:title\" content=\"\u0422\u0418\u041c\u0427\u0410\u0421\u041e\u0412\u0415 DZIDZIO \u0422\u0410\u0422\u0423 - Dzidzio\" \/>\n<meta property=\"og:description\" content=\"Przepraszamy, ten wpis jest dost\u0119pny tylko w j\u0119zyku Ukrai\u0144ski.\" \/>\n<meta property=\"og:url\" content=\"https:\/\/dzidzio.com\/pl\/dzidzioshop\/products\/titmchasove-tatu\/\" \/>\n<meta property=\"og:site_name\" content=\"Dzidzio\" \/>\n<meta property=\"article:modified_time\" content=\"2022-04-14T13:01:12+00:00\" \/>\n<meta property=\"og:image\" content=\"https:\/\/dzidzio.com\/wp-content\/uploads\/2019\/09\/1Tatoo_Dzidzio.jpg\" \/>\n\t<meta property=\"og:image:width\" content=\"1000\" \/>\n\t<meta property=\"og:image:height\" content=\"1000\" \/>\n\t<meta property=\"og:image:type\" content=\"image\/jpeg\" \/>\n<meta name=\"twitter:card\" content=\"summary\" \/>\n<script type=\"application\/ld+json\" class=\"yoast-schema-graph\">{\"@context\":\"https:\/\/schema.org\",\"@graph\":[{\"@type\":\"WebSite\",\"@id\":\"https:\/\/dzidzio.com\/pl\/#website\",\"url\":\"https:\/\/dzidzio.com\/pl\/\",\"name\":\"Dzidzio\",\"description\":\"\",\"potentialAction\":[{\"@type\":\"SearchAction\",\"target\":{\"@type\":\"EntryPoint\",\"urlTemplate\":\"https:\/\/dzidzio.com\/pl\/?s={search_term_string}\"},\"query-input\":\"required name=search_term_string\"}],\"inLanguage\":\"pl-PL\"},{\"@type\":\"ImageObject\",\"@id\":\"https:\/\/dzidzio.com\/pl\/dzidzioshop\/products\/titmchasove-tatu\/#primaryimage\",\"inLanguage\":\"pl-PL\",\"url\":\"https:\/\/dzidzio.com\/wp-content\/uploads\/2019\/09\/1Tatoo_Dzidzio.jpg\",\"contentUrl\":\"https:\/\/dzidzio.com\/wp-content\/uploads\/2019\/09\/1Tatoo_Dzidzio.jpg\",\"width\":1000,\"height\":1000},{\"@type\":\"WebPage\",\"@id\":\"https:\/\/dzidzio.com\/pl\/dzidzioshop\/products\/titmchasove-tatu\/#webpage\",\"url\":\"https:\/\/dzidzio.com\/pl\/dzidzioshop\/products\/titmchasove-tatu\/\",\"name\":\"\u0422\u0418\u041c\u0427\u0410\u0421\u041e\u0412\u0415 DZIDZIO \u0422\u0410\u0422\u0423 - Dzidzio\",\"isPartOf\":{\"@id\":\"https:\/\/dzidzio.com\/pl\/#website\"},\"primaryImageOfPage\":{\"@id\":\"https:\/\/dzidzio.com\/pl\/dzidzioshop\/products\/titmchasove-tatu\/#primaryimage\"},\"datePublished\":\"2019-09-13T09:46:34+00:00\",\"dateModified\":\"2022-04-14T13:01:12+00:00\",\"breadcrumb\":{\"@id\":\"https:\/\/dzidzio.com\/pl\/dzidzioshop\/products\/titmchasove-tatu\/#breadcrumb\"},\"inLanguage\":\"pl-PL\",\"potentialAction\":[{\"@type\":\"ReadAction\",\"target\":[[\"https:\/\/dzidzio.com\/pl\/dzidzioshop\/products\/titmchasove-tatu\/\"]]}]},{\"@type\":\"BreadcrumbList\",\"@id\":\"https:\/\/dzidzio.com\/pl\/dzidzioshop\/products\/titmchasove-tatu\/#breadcrumb\",\"itemListElement\":[{\"@type\":\"ListItem\",\"position\":1,\"name\":\"\u0422\u043e\u0432\u0430\u0440\u0438\",\"item\":\"https:\/\/dzidzio.com\/pl\/dzidzioshop\/products\/\"},{\"@type\":\"ListItem\",\"position\":2,\"name\":\"\u0422\u0418\u041c\u0427\u0410\u0421\u041e\u0412\u0415 DZIDZIO \u0422\u0410\u0422\u0423\"}]}]}<\/script>\n<!-- \/ Yoast SEO plugin. -->","yoast_head_json":{"title":"\u0422\u0418\u041c\u0427\u0410\u0421\u041e\u0412\u0415 DZIDZIO \u0422\u0410\u0422\u0423 - Dzidzio","robots":{"index":"index","follow":"follow","max-snippet":"max-snippet:-1","max-image-preview":"max-image-preview:large","max-video-preview":"max-video-preview:-1"},"canonical":"https:\/\/dzidzio.com\/pl\/dzidzioshop\/products\/titmchasove-tatu\/","og_locale":"pl_PL","og_type":"article","og_title":"\u0422\u0418\u041c\u0427\u0410\u0421\u041e\u0412\u0415 DZIDZIO \u0422\u0410\u0422\u0423 - Dzidzio","og_description":"Przepraszamy, ten wpis jest dost\u0119pny tylko w j\u0119zyku Ukrai\u0144ski.","og_url":"https:\/\/dzidzio.com\/pl\/dzidzioshop\/products\/titmchasove-tatu\/","og_site_name":"Dzidzio","article_modified_time":"2022-04-14T13:01:12+00:00","og_image":[{"width":1000,"height":1000,"url":"https:\/\/dzidzio.com\/wp-content\/uploads\/2019\/09\/1Tatoo_Dzidzio.jpg","type":"image\/jpeg"}],"twitter_card":"summary","schema":{"@context":"https:\/\/schema.org","@graph":[{"@type":"WebSite","@id":"https:\/\/dzidzio.com\/pl\/#website","url":"https:\/\/dzidzio.com\/pl\/","name":"Dzidzio","description":"","potentialAction":[{"@type":"SearchAction","target":{"@type":"EntryPoint","urlTemplate":"https:\/\/dzidzio.com\/pl\/?s={search_term_string}"},"query-input":"required name=search_term_string"}],"inLanguage":"pl-PL"},{"@type":"ImageObject","@id":"https:\/\/dzidzio.com\/pl\/dzidzioshop\/products\/titmchasove-tatu\/#primaryimage","inLanguage":"pl-PL","url":"https:\/\/dzidzio.com\/wp-content\/uploads\/2019\/09\/1Tatoo_Dzidzio.jpg","contentUrl":"https:\/\/dzidzio.com\/wp-content\/uploads\/2019\/09\/1Tatoo_Dzidzio.jpg","width":1000,"height":1000},{"@type":"WebPage","@id":"https:\/\/dzidzio.com\/pl\/dzidzioshop\/products\/titmchasove-tatu\/#webpage","url":"https:\/\/dzidzio.com\/pl\/dzidzioshop\/products\/titmchasove-tatu\/","name":"\u0422\u0418\u041c\u0427\u0410\u0421\u041e\u0412\u0415 DZIDZIO \u0422\u0410\u0422\u0423 - Dzidzio","isPartOf":{"@id":"https:\/\/dzidzio.com\/pl\/#website"},"primaryImageOfPage":{"@id":"https:\/\/dzidzio.com\/pl\/dzidzioshop\/products\/titmchasove-tatu\/#primaryimage"},"datePublished":"2019-09-13T09:46:34+00:00","dateModified":"2022-04-14T13:01:12+00:00","breadcrumb":{"@id":"https:\/\/dzidzio.com\/pl\/dzidzioshop\/products\/titmchasove-tatu\/#breadcrumb"},"inLanguage":"pl-PL","potentialAction":[{"@type":"ReadAction","target":[["https:\/\/dzidzio.com\/pl\/dzidzioshop\/products\/titmchasove-tatu\/"]]}]},{"@type":"BreadcrumbList","@id":"https:\/\/dzidzio.com\/pl\/dzidzioshop\/products\/titmchasove-tatu\/#breadcrumb","itemListElement":[{"@type":"ListItem","position":1,"name":"\u0422\u043e\u0432\u0430\u0440\u0438","item":"https:\/\/dzidzio.com\/pl\/dzidzioshop\/products\/"},{"@type":"ListItem","position":2,"name":"\u0422\u0418\u041c\u0427\u0410\u0421\u041e\u0412\u0415 DZIDZIO \u0422\u0410\u0422\u0423"}]}]}},"_links":{"self":[{"href":"https:\/\/dzidzio.com\/pl\/wp-json\/wp\/v2\/product\/5817"}],"collection":[{"href":"https:\/\/dzidzio.com\/pl\/wp-json\/wp\/v2\/product"}],"about":[{"href":"https:\/\/dzidzio.com\/pl\/wp-json\/wp\/v2\/types\/product"}],"replies":[{"embeddable":true,"href":"https:\/\/dzidzio.com\/pl\/wp-json\/wp\/v2\/comments?post=5817"}],"wp:featuredmedia":[{"embeddable":true,"href":"https:\/\/dzidzio.com\/pl\/wp-json\/wp\/v2\/media\/5809"}],"wp:attachment":[{"href":"https:\/\/dzidzio.com\/pl\/wp-json\/wp\/v2\/media?parent=5817"}],"wp:term":[{"taxonomy":"product_cat","embeddable":true,"href":"https:\/\/dzidzio.com\/pl\/wp-json\/wp\/v2\/product_cat?post=5817"},{"taxonomy":"product_tag","embeddable":true,"href":"https:\/\/dzidzio.com\/pl\/wp-json\/wp\/v2\/product_tag?post=5817"}],"curies":[{"name":"wp","href":"https:\/\/api.w.org\/{rel}","templated":true}]}}