{"id":823,"date":"2017-07-11T16:27:20","date_gmt":"2017-07-11T13:27:20","guid":{"rendered":"http:\/\/dz.alexlans.com\/?page_id=823"},"modified":"2022-04-13T15:56:51","modified_gmt":"2022-04-13T12:56:51","slug":"photo-albums","status":"publish","type":"page","link":"https:\/\/dzidzio.com\/pl\/photo-albums\/","title":{"rendered":"Zdj\u0119cia"},"content":{"rendered":"<p>[vc_row][vc_column][vc_custom_heading text=&#8221;Albumy fotograficzny:&#8221; use_theme_fonts=&#8221;yes&#8221; el_class=&#8221;dz-heading&#8221;][\/vc_column][\/vc_row][vc_row el_class=&#8221;dz-albums-grid&#8221;][vc_column]<div class=\"dt-shortcode with-isotope\"><div class=\"wf-container dt-albums-shortcode  resize-by-browser-width loading-effect-move-up iso-grid bg-under-post description-under-image content-align-centre hover-color-static\" data-padding=\"20px\" data-cur-page=\"1\" data-posts-per-page=\"-1\" data-desktop-columns-num=\"2\" data-v-tablet-columns-num=\"1\" data-h-tablet-columns-num=\"2\" data-phone-columns-num=\"1\" data-width=\"370px\" data-columns=\"2\">\n<div class=\"wf-cell\" data-post-id=\"4513\" data-date=\"2018-05-31T20:58:37+03:00\" data-name=\"\u041c\u0435\u0433\u0430 \u0448\u043e\u0443 DZIDZIO &quot;SUPER-PUPER&quot; \u043d\u0430 &quot;\u0410\u0440\u0435\u043d\u0456 \u041b\u044c\u0432\u0456\u0432&quot; (\u0427\u0430\u0441\u0442\u0438\u043d\u0430 1)\">\n<article class=\"post post-4513 dt_gallery type-dt_gallery status-publish has-post-thumbnail hentry dt_gallery_category-mega-shou-dzidzio-super-puper-na-areni-lviv-chastina-1 dt_gallery_category-384 bg-on text-centered\">\n\n\t<div class=\"project-list-media\">\r\n\t<figure class=\"buttons-on-img\">\r\n\t\t<a href=\"https:\/\/dzidzio.com\/pl\/dt_gallery\/mega-shou-dzidzio-super-puper-na-areni-lviv-chastina-1\/\" class=\"rollover rollover-zoom rollover-click-target go-to layzr-bg\"  data-dt-location=\"https:\/\/dzidzio.com\/pl\/dt_gallery\/mega-shou-dzidzio-super-puper-na-areni-lviv-chastina-1\/_dsc7129\/\" data-dt-img-description=\"\" title=\"_DSC7129\"><img src=\"data:image\/svg+xml;charset=utf-8,%3Csvg xmlns%3D'http%3A%2F%2Fwww.w3.org%2F2000%2Fsvg' viewBox%3D'0 0 555 416'%2F%3E\" data-src=\"https:\/\/dzidzio.com\/wp-content\/uploads\/2018\/05\/DSC7129-555x416.jpg\" data-srcset=\"https:\/\/dzidzio.com\/wp-content\/uploads\/2018\/05\/DSC7129-555x416.jpg 555w, https:\/\/dzidzio.com\/wp-content\/uploads\/2018\/05\/DSC7129-1110x832.jpg 1110w\" class=\"iso-lazy-load preload-me\" alt=\"\" title=\"_DSC7129\" width=\"555\" height=\"416\"  \/><\/a>\t\t\t<\/figure>\r\n<\/div>\r\n<div class=\"project-list-content\">\r\n\t<h3 class=\"entry-title\"><a href=\"https:\/\/dzidzio.com\/pl\/dt_gallery\/mega-shou-dzidzio-super-puper-na-areni-lviv-chastina-1\/\" title=\"\u041c\u0435\u0433\u0430 \u0448\u043e\u0443 DZIDZIO &#8222;SUPER-PUPER&#8221; \u043d\u0430 &#8222;\u0410\u0440\u0435\u043d\u0456 \u041b\u044c\u0432\u0456\u0432&#8221; (\u0427\u0430\u0441\u0442\u0438\u043d\u0430 1)\" class=\"\">\u041c\u0435\u0433\u0430 \u0448\u043e\u0443 DZIDZIO &#8222;SUPER-PUPER&#8221; \u043d\u0430 &#8222;\u0410\u0440\u0435\u043d\u0456 \u041b\u044c\u0432\u0456\u0432&#8221; (\u0427\u0430\u0441\u0442\u0438\u043d\u0430 1)<\/a><\/h3><\/div>\n<\/article>\n\n<\/div>\n<div class=\"wf-cell\" data-post-id=\"4278\" data-date=\"2018-03-22T20:46:34+02:00\" data-name=\"Backstage \u043a\u043b\u0456\u043f\u0443 &quot;\u0412\u0438\u0445\u0456\u0434\u043d\u0438\u0439&quot;\">\n<article class=\"post post-4278 dt_gallery type-dt_gallery status-publish has-post-thumbnail hentry dt_gallery_category-backstage-klipu-vihidniy dt_gallery_category-380 bg-on text-centered\">\n\n\t<div class=\"project-list-media\">\r\n\t<figure class=\"buttons-on-img\">\r\n\t\t<a href=\"https:\/\/dzidzio.com\/pl\/dt_gallery\/backstage-klipu-vihidniy\/\" class=\"rollover rollover-zoom rollover-click-target go-to layzr-bg\"  data-dt-location=\"https:\/\/dzidzio.com\/pl\/dt_gallery\/backstage-klipu-vihidniy\/vihidnii\/\" data-dt-img-description=\"\" title=\"\u0412\u0438\u0445\u0456\u0434\u043d\u0438\u0438\u0306\"><img src=\"data:image\/svg+xml;charset=utf-8,%3Csvg xmlns%3D'http%3A%2F%2Fwww.w3.org%2F2000%2Fsvg' viewBox%3D'0 0 555 416'%2F%3E\" data-src=\"https:\/\/dzidzio.com\/wp-content\/uploads\/2018\/03\/Vihidnii---555x416.jpg\" data-srcset=\"https:\/\/dzidzio.com\/wp-content\/uploads\/2018\/03\/Vihidnii---555x416.jpg 555w, https:\/\/dzidzio.com\/wp-content\/uploads\/2018\/03\/Vihidnii---1049x787.jpg 1049w\" class=\"iso-lazy-load preload-me\" alt=\"\" title=\"\u0412\u0438\u0445\u0456\u0434\u043d\u0438\u0438\u0306\" width=\"555\" height=\"416\"  \/><\/a>\t\t\t<\/figure>\r\n<\/div>\r\n<div class=\"project-list-content\">\r\n\t<h3 class=\"entry-title\"><a href=\"https:\/\/dzidzio.com\/pl\/dt_gallery\/backstage-klipu-vihidniy\/\" title=\"Backstage \u043a\u043b\u0456\u043f\u0443 &#8222;\u0412\u0438\u0445\u0456\u0434\u043d\u0438\u0439&#8221;\" class=\"\">Backstage \u043a\u043b\u0456\u043f\u0443 &#8222;\u0412\u0438\u0445\u0456\u0434\u043d\u0438\u0439&#8221;<\/a><\/h3><\/div>\n<\/article>\n\n<\/div>\n<div class=\"wf-cell\" data-post-id=\"4152\" data-date=\"2018-03-12T20:14:00+02:00\" data-name=\"\u0411\u0430\u043d\u0434\u0430-\u0411\u0430\u043d\u0434\u0430\">\n<article class=\"post post-4152 dt_gallery type-dt_gallery status-publish has-post-thumbnail hentry dt_gallery_category-banda-banda dt_gallery_category-379 bg-on text-centered\">\n\n\t<div class=\"project-list-media\">\r\n\t<figure class=\"buttons-on-img\">\r\n\t\t<a href=\"https:\/\/dzidzio.com\/pl\/dt_gallery\/banda-banda\/\" class=\"rollover rollover-zoom rollover-click-target go-to layzr-bg\"  data-dt-location=\"https:\/\/dzidzio.com\/pl\/dt_gallery\/banda-banda\/2017-03-14_-0583\/\" data-dt-img-description=\"\" title=\"2017.03.14_ 0583\"><img src=\"data:image\/svg+xml;charset=utf-8,%3Csvg xmlns%3D'http%3A%2F%2Fwww.w3.org%2F2000%2Fsvg' viewBox%3D'0 0 555 416'%2F%3E\" data-src=\"https:\/\/dzidzio.com\/wp-content\/uploads\/2018\/03\/2017.03.14_-0583-555x416.jpg\" data-srcset=\"https:\/\/dzidzio.com\/wp-content\/uploads\/2018\/03\/2017.03.14_-0583-555x416.jpg 555w, https:\/\/dzidzio.com\/wp-content\/uploads\/2018\/03\/2017.03.14_-0583-1110x832.jpg 1110w\" class=\"iso-lazy-load preload-me\" alt=\"\" title=\"2017.03.14_ 0583\" width=\"555\" height=\"416\"  \/><\/a>\t\t\t<\/figure>\r\n<\/div>\r\n<div class=\"project-list-content\">\r\n\t<h3 class=\"entry-title\"><a href=\"https:\/\/dzidzio.com\/pl\/dt_gallery\/banda-banda\/\" title=\"\u0411\u0430\u043d\u0434\u0430-\u0411\u0430\u043d\u0434\u0430\" class=\"\">\u0411\u0430\u043d\u0434\u0430-\u0411\u0430\u043d\u0434\u0430<\/a><\/h3><\/div>\n<\/article>\n\n<\/div>\n<div class=\"wf-cell\" data-post-id=\"1483\" data-date=\"2017-08-03T15:20:50+03:00\" data-name=\"Den Bo\u017ce Narodzenie!\">\n<article class=\"post post-1483 dt_gallery type-dt_gallery status-publish has-post-thumbnail hentry dt_gallery_category-rizdvyaniy-vertep dt_gallery_category-321 bg-on text-centered\">\n\n\t<div class=\"project-list-media\">\r\n\t<figure class=\"buttons-on-img\">\r\n\t\t<a href=\"https:\/\/dzidzio.com\/pl\/dt_gallery\/rizdvyaniy-vertep\/\" class=\"rollover rollover-zoom rollover-click-target go-to layzr-bg\"  data-dt-location=\"https:\/\/dzidzio.com\/pl\/dt_gallery\/rizdvyaniy-vertep\/attachment\/2780\/\" data-dt-img-description=\"\" title=\"2780\"><img src=\"data:image\/svg+xml;charset=utf-8,%3Csvg xmlns%3D'http%3A%2F%2Fwww.w3.org%2F2000%2Fsvg' viewBox%3D'0 0 555 416'%2F%3E\" data-src=\"https:\/\/dzidzio.com\/wp-content\/uploads\/2017\/08\/2780-555x416.jpg\" data-srcset=\"https:\/\/dzidzio.com\/wp-content\/uploads\/2017\/08\/2780-555x416.jpg 555w, https:\/\/dzidzio.com\/wp-content\/uploads\/2017\/08\/2780-889x667.jpg 889w\" class=\"iso-lazy-load preload-me\" alt=\"\" title=\"2780\" width=\"555\" height=\"416\"  \/><\/a>\t\t\t<\/figure>\r\n<\/div>\r\n<div class=\"project-list-content\">\r\n\t<h3 class=\"entry-title\"><a href=\"https:\/\/dzidzio.com\/pl\/dt_gallery\/rizdvyaniy-vertep\/\" title=\"Den Bo\u017ce Narodzenie!\" class=\"\">Den Bo\u017ce Narodzenie!<\/a><\/h3><\/div>\n<\/article>\n\n<\/div>\n<div class=\"wf-cell\" data-post-id=\"1455\" data-date=\"2017-08-03T15:12:29+03:00\" data-name=\"Szcz\u0119\u015bliwego Nowego Roku 2017!\">\n<article class=\"post post-1455 dt_gallery type-dt_gallery status-publish has-post-thumbnail hentry dt_gallery_category-z-novim-2017-rokom dt_gallery_category-318 bg-on text-centered\">\n\n\t<div class=\"project-list-media\">\r\n\t<figure class=\"buttons-on-img\">\r\n\t\t<a href=\"https:\/\/dzidzio.com\/pl\/dt_gallery\/z-novim-2017-rokom\/\" class=\"rollover rollover-zoom rollover-click-target go-to layzr-bg\"  data-dt-location=\"https:\/\/dzidzio.com\/pl\/dt_gallery\/z-novim-2017-rokom\/attachment\/2082\/\" data-dt-img-description=\"\" title=\"2082\"><img src=\"data:image\/svg+xml;charset=utf-8,%3Csvg xmlns%3D'http%3A%2F%2Fwww.w3.org%2F2000%2Fsvg' viewBox%3D'0 0 555 416'%2F%3E\" data-src=\"https:\/\/dzidzio.com\/wp-content\/uploads\/2017\/08\/2082-555x416.jpg\" data-srcset=\"https:\/\/dzidzio.com\/wp-content\/uploads\/2017\/08\/2082-555x416.jpg 555w, https:\/\/dzidzio.com\/wp-content\/uploads\/2017\/08\/2082-889x667.jpg 889w\" class=\"iso-lazy-load preload-me\" alt=\"\" title=\"2082\" width=\"555\" height=\"416\"  \/><\/a>\t\t\t<\/figure>\r\n<\/div>\r\n<div class=\"project-list-content\">\r\n\t<h3 class=\"entry-title\"><a href=\"https:\/\/dzidzio.com\/pl\/dt_gallery\/z-novim-2017-rokom\/\" title=\"Szcz\u0119\u015bliwego Nowego Roku 2017!\" class=\"\">Szcz\u0119\u015bliwego Nowego Roku 2017!<\/a><\/h3><\/div>\n<\/article>\n\n<\/div>\n<div class=\"wf-cell\" data-post-id=\"1412\" data-date=\"2017-08-03T14:27:50+03:00\" data-name=\"Backstage klip \u00ab108\u00bb\">\n<article class=\"post post-1412 dt_gallery type-dt_gallery status-publish has-post-thumbnail hentry dt_gallery_category-backstage-klipu-108 dt_gallery_category-317 bg-on text-centered\">\n\n\t<div class=\"project-list-media\">\r\n\t<figure class=\"buttons-on-img\">\r\n\t\t<a href=\"https:\/\/dzidzio.com\/pl\/dt_gallery\/backstage-klipu-108\/\" class=\"rollover rollover-zoom rollover-click-target go-to layzr-bg\"  data-dt-location=\"https:\/\/dzidzio.com\/pl\/dt_gallery\/backstage-klipu-108\/750_5108\/\" data-dt-img-description=\"\" title=\"750_5108\"><img src=\"data:image\/svg+xml;charset=utf-8,%3Csvg xmlns%3D'http%3A%2F%2Fwww.w3.org%2F2000%2Fsvg' viewBox%3D'0 0 555 416'%2F%3E\" data-src=\"https:\/\/dzidzio.com\/wp-content\/uploads\/2017\/08\/750_5108-555x416.jpg\" data-srcset=\"https:\/\/dzidzio.com\/wp-content\/uploads\/2017\/08\/750_5108-555x416.jpg 555w, https:\/\/dzidzio.com\/wp-content\/uploads\/2017\/08\/750_5108-891x668.jpg 891w\" class=\"iso-lazy-load preload-me\" alt=\"\" title=\"750_5108\" width=\"555\" height=\"416\"  \/><\/a>\t\t\t<\/figure>\r\n<\/div>\r\n<div class=\"project-list-content\">\r\n\t<h3 class=\"entry-title\"><a href=\"https:\/\/dzidzio.com\/pl\/dt_gallery\/backstage-klipu-108\/\" title=\"Backstage klip \u00ab108\u00bb\" class=\"\">Backstage klip \u00ab108\u00bb<\/a><\/h3><\/div>\n<\/article>\n\n<\/div>\n<div class=\"wf-cell\" data-post-id=\"1387\" data-date=\"2017-08-03T13:13:16+03:00\" data-name=\"DZIDZIO \u00ab108\u00bb\">\n<article class=\"post post-1387 dt_gallery type-dt_gallery status-publish has-post-thumbnail hentry dt_gallery_category-dzidzio-108 dt_gallery_category-316 bg-on text-centered\">\n\n\t<div class=\"project-list-media\">\r\n\t<figure class=\"buttons-on-img\">\r\n\t\t<a href=\"https:\/\/dzidzio.com\/pl\/dt_gallery\/dzidzio-108\/\" class=\"rollover rollover-zoom rollover-click-target go-to layzr-bg\"  data-dt-location=\"https:\/\/dzidzio.com\/pl\/dt_gallery\/dzidzio-108\/ddv_9163\/\" data-dt-img-description=\"\" title=\"ddv_9163\"><img src=\"data:image\/svg+xml;charset=utf-8,%3Csvg xmlns%3D'http%3A%2F%2Fwww.w3.org%2F2000%2Fsvg' viewBox%3D'0 0 555 416'%2F%3E\" data-src=\"https:\/\/dzidzio.com\/wp-content\/uploads\/2017\/08\/ddv_9163-555x416.jpg\" data-srcset=\"https:\/\/dzidzio.com\/wp-content\/uploads\/2017\/08\/ddv_9163-555x416.jpg 555w, https:\/\/dzidzio.com\/wp-content\/uploads\/2017\/08\/ddv_9163-981x736.jpg 981w\" class=\"iso-lazy-load preload-me\" alt=\"\" title=\"ddv_9163\" width=\"555\" height=\"416\"  \/><\/a>\t\t\t<\/figure>\r\n<\/div>\r\n<div class=\"project-list-content\">\r\n\t<h3 class=\"entry-title\"><a href=\"https:\/\/dzidzio.com\/pl\/dt_gallery\/dzidzio-108\/\" title=\"DZIDZIO \u00ab108\u00bb\" class=\"\">DZIDZIO \u00ab108\u00bb<\/a><\/h3><\/div>\n<\/article>\n\n<\/div>\n<div class=\"wf-cell\" data-post-id=\"1331\" data-date=\"2017-08-03T13:04:03+03:00\" data-name=\"Backstage klip \u00abPtahopodibna\u00bb\">\n<article class=\"post post-1331 dt_gallery type-dt_gallery status-publish has-post-thumbnail hentry dt_gallery_category-backstage-klipu-ptahopodibna dt_gallery_category-314 bg-on text-centered\">\n\n\t<div class=\"project-list-media\">\r\n\t<figure class=\"buttons-on-img\">\r\n\t\t<a href=\"https:\/\/dzidzio.com\/pl\/dt_gallery\/backstage-ptahopodibna\/\" class=\"rollover rollover-zoom rollover-click-target go-to layzr-bg\"  data-dt-location=\"https:\/\/dzidzio.com\/pl\/dt_gallery\/backstage-ptahopodibna\/dsc_6515\/\" data-dt-img-description=\"\" title=\"dsc_6515\"><img src=\"data:image\/svg+xml;charset=utf-8,%3Csvg xmlns%3D'http%3A%2F%2Fwww.w3.org%2F2000%2Fsvg' viewBox%3D'0 0 555 416'%2F%3E\" data-src=\"https:\/\/dzidzio.com\/wp-content\/uploads\/2017\/08\/dsc_6515-555x416.jpg\" data-srcset=\"https:\/\/dzidzio.com\/wp-content\/uploads\/2017\/08\/dsc_6515-555x416.jpg 555w, https:\/\/dzidzio.com\/wp-content\/uploads\/2017\/08\/dsc_6515-1110x832.jpg 1110w\" class=\"iso-lazy-load preload-me\" alt=\"\" title=\"dsc_6515\" width=\"555\" height=\"416\"  \/><\/a>\t\t\t<\/figure>\r\n<\/div>\r\n<div class=\"project-list-content\">\r\n\t<h3 class=\"entry-title\"><a href=\"https:\/\/dzidzio.com\/pl\/dt_gallery\/backstage-ptahopodibna\/\" title=\"Backstage klip \u00abPtahopodibna\u00bb\" class=\"\">Backstage klip \u00abPtahopodibna\u00bb<\/a><\/h3><\/div>\n<\/article>\n\n<\/div>\n<div class=\"wf-cell\" data-post-id=\"1293\" data-date=\"2017-08-02T21:21:24+03:00\" data-name=\"DZIDZIOSHOP zorganizowa\u0142 fotografi\u0119 z dzie\u0107mi\">\n<article class=\"post post-1293 dt_gallery type-dt_gallery status-publish has-post-thumbnail hentry dt_gallery_category-dzidzioshop-organizuvav-fotosesiyu-z-ditmi dt_gallery_category-300 bg-on text-centered\">\n\n\t<div class=\"project-list-media\">\r\n\t<figure class=\"buttons-on-img\">\r\n\t\t<a href=\"https:\/\/dzidzio.com\/pl\/dt_gallery\/dzidzioshop-organizuvav-fotosesiyu-z-ditmi\/\" class=\"rollover rollover-zoom rollover-click-target go-to layzr-bg\"  data-dt-location=\"https:\/\/dzidzio.com\/pl\/dt_gallery\/dzidzioshop-organizuvav-fotosesiyu-z-ditmi\/0079_2016\/\" data-dt-img-description=\"\" title=\"0079_2016\"><img src=\"data:image\/svg+xml;charset=utf-8,%3Csvg xmlns%3D'http%3A%2F%2Fwww.w3.org%2F2000%2Fsvg' viewBox%3D'0 0 555 416'%2F%3E\" data-src=\"https:\/\/dzidzio.com\/wp-content\/uploads\/2017\/08\/0079_2016-555x416.jpg\" data-srcset=\"https:\/\/dzidzio.com\/wp-content\/uploads\/2017\/08\/0079_2016-555x416.jpg 555w, https:\/\/dzidzio.com\/wp-content\/uploads\/2017\/08\/0079_2016-1110x832.jpg 1110w\" class=\"iso-lazy-load preload-me\" alt=\"\" title=\"0079_2016\" width=\"555\" height=\"416\"  \/><\/a>\t\t\t<\/figure>\r\n<\/div>\r\n<div class=\"project-list-content\">\r\n\t<h3 class=\"entry-title\"><a href=\"https:\/\/dzidzio.com\/pl\/dt_gallery\/dzidzioshop-organizuvav-fotosesiyu-z-ditmi\/\" title=\"DZIDZIOSHOP zorganizowa\u0142 fotografi\u0119 z dzie\u0107mi\" class=\"\">DZIDZIOSHOP zorganizowa\u0142 fotografi\u0119 z dzie\u0107mi<\/a><\/h3><\/div>\n<\/article>\n\n<\/div><\/div><\/div>[vc_empty_space][\/vc_column][\/vc_row]<\/p>","protected":false},"excerpt":{"rendered":"<p>[vc_row][vc_column][vc_custom_heading text=&#8221;Albumy fotograficzny:&#8221; use_theme_fonts=&#8221;yes&#8221; el_class=&#8221;dz-heading&#8221;][\/vc_column][\/vc_row][vc_row el_class=&#8221;dz-albums-grid&#8221;][vc_column][vc_empty_space][\/vc_column][\/vc_row]<\/p>\n","protected":false},"author":1,"featured_media":-1,"parent":0,"menu_order":0,"comment_status":"closed","ping_status":"closed","template":"","meta":[],"yoast_head":"<!-- This site is optimized with the Yoast SEO plugin v18.5.1 - https:\/\/yoast.com\/wordpress\/plugins\/seo\/ -->\n<title>Zdj\u0119cia - Dzidzio<\/title>\n<meta name=\"robots\" content=\"index, follow, max-snippet:-1, max-image-preview:large, max-video-preview:-1\" \/>\n<link rel=\"canonical\" href=\"https:\/\/dzidzio.com\/pl\/photo-albums\/\" \/>\n<meta property=\"og:locale\" content=\"pl_PL\" \/>\n<meta property=\"og:type\" content=\"article\" \/>\n<meta property=\"og:title\" content=\"Zdj\u0119cia - Dzidzio\" \/>\n<meta property=\"og:description\" content=\"[vc_row][vc_column][vc_custom_heading text=&#8221;Albumy fotograficzny:&#8221; use_theme_fonts=&#8221;yes&#8221; el_class=&#8221;dz-heading&#8221;][\/vc_column][\/vc_row][vc_row el_class=&#8221;dz-albums-grid&#8221;][vc_column][vc_empty_space][\/vc_column][\/vc_row]\" \/>\n<meta property=\"og:url\" content=\"https:\/\/dzidzio.com\/pl\/photo-albums\/\" \/>\n<meta property=\"og:site_name\" content=\"Dzidzio\" \/>\n<meta property=\"article:modified_time\" content=\"2022-04-13T12:56:51+00:00\" \/>\n<meta name=\"twitter:card\" content=\"summary\" \/>\n<meta name=\"twitter:label1\" content=\"Szacowany czas czytania\" \/>\n\t<meta name=\"twitter:data1\" content=\"1 minuta\" \/>\n<script type=\"application\/ld+json\" class=\"yoast-schema-graph\">{\"@context\":\"https:\/\/schema.org\",\"@graph\":[{\"@type\":\"WebSite\",\"@id\":\"https:\/\/dzidzio.com\/pl\/#website\",\"url\":\"https:\/\/dzidzio.com\/pl\/\",\"name\":\"Dzidzio\",\"description\":\"\",\"potentialAction\":[{\"@type\":\"SearchAction\",\"target\":{\"@type\":\"EntryPoint\",\"urlTemplate\":\"https:\/\/dzidzio.com\/pl\/?s={search_term_string}\"},\"query-input\":\"required name=search_term_string\"}],\"inLanguage\":\"pl-PL\"},{\"@type\":\"ImageObject\",\"@id\":\"https:\/\/dzidzio.com\/pl\/photo-albums\/#primaryimage\",\"inLanguage\":\"pl-PL\",\"url\":\"\",\"contentUrl\":\"\"},{\"@type\":\"WebPage\",\"@id\":\"https:\/\/dzidzio.com\/pl\/photo-albums\/#webpage\",\"url\":\"https:\/\/dzidzio.com\/pl\/photo-albums\/\",\"name\":\"Zdj\u0119cia - Dzidzio\",\"isPartOf\":{\"@id\":\"https:\/\/dzidzio.com\/pl\/#website\"},\"primaryImageOfPage\":{\"@id\":\"https:\/\/dzidzio.com\/pl\/photo-albums\/#primaryimage\"},\"datePublished\":\"2017-07-11T13:27:20+00:00\",\"dateModified\":\"2022-04-13T12:56:51+00:00\",\"breadcrumb\":{\"@id\":\"https:\/\/dzidzio.com\/pl\/photo-albums\/#breadcrumb\"},\"inLanguage\":\"pl-PL\",\"potentialAction\":[{\"@type\":\"ReadAction\",\"target\":[[\"https:\/\/dzidzio.com\/pl\/photo-albums\/\"]]}]},{\"@type\":\"BreadcrumbList\",\"@id\":\"https:\/\/dzidzio.com\/pl\/photo-albums\/#breadcrumb\",\"itemListElement\":[{\"@type\":\"ListItem\",\"position\":1,\"name\":\"\u0424\u043e\u0442\u043a\u0438\"}]}]}<\/script>\n<!-- \/ Yoast SEO plugin. -->","yoast_head_json":{"title":"Zdj\u0119cia - Dzidzio","robots":{"index":"index","follow":"follow","max-snippet":"max-snippet:-1","max-image-preview":"max-image-preview:large","max-video-preview":"max-video-preview:-1"},"canonical":"https:\/\/dzidzio.com\/pl\/photo-albums\/","og_locale":"pl_PL","og_type":"article","og_title":"Zdj\u0119cia - Dzidzio","og_description":"[vc_row][vc_column][vc_custom_heading text=&#8221;Albumy fotograficzny:&#8221; use_theme_fonts=&#8221;yes&#8221; el_class=&#8221;dz-heading&#8221;][\/vc_column][\/vc_row][vc_row el_class=&#8221;dz-albums-grid&#8221;][vc_column][vc_empty_space][\/vc_column][\/vc_row]","og_url":"https:\/\/dzidzio.com\/pl\/photo-albums\/","og_site_name":"Dzidzio","article_modified_time":"2022-04-13T12:56:51+00:00","twitter_card":"summary","twitter_misc":{"Szacowany czas czytania":"1 minuta"},"schema":{"@context":"https:\/\/schema.org","@graph":[{"@type":"WebSite","@id":"https:\/\/dzidzio.com\/pl\/#website","url":"https:\/\/dzidzio.com\/pl\/","name":"Dzidzio","description":"","potentialAction":[{"@type":"SearchAction","target":{"@type":"EntryPoint","urlTemplate":"https:\/\/dzidzio.com\/pl\/?s={search_term_string}"},"query-input":"required name=search_term_string"}],"inLanguage":"pl-PL"},{"@type":"ImageObject","@id":"https:\/\/dzidzio.com\/pl\/photo-albums\/#primaryimage","inLanguage":"pl-PL","url":"","contentUrl":""},{"@type":"WebPage","@id":"https:\/\/dzidzio.com\/pl\/photo-albums\/#webpage","url":"https:\/\/dzidzio.com\/pl\/photo-albums\/","name":"Zdj\u0119cia - Dzidzio","isPartOf":{"@id":"https:\/\/dzidzio.com\/pl\/#website"},"primaryImageOfPage":{"@id":"https:\/\/dzidzio.com\/pl\/photo-albums\/#primaryimage"},"datePublished":"2017-07-11T13:27:20+00:00","dateModified":"2022-04-13T12:56:51+00:00","breadcrumb":{"@id":"https:\/\/dzidzio.com\/pl\/photo-albums\/#breadcrumb"},"inLanguage":"pl-PL","potentialAction":[{"@type":"ReadAction","target":[["https:\/\/dzidzio.com\/pl\/photo-albums\/"]]}]},{"@type":"BreadcrumbList","@id":"https:\/\/dzidzio.com\/pl\/photo-albums\/#breadcrumb","itemListElement":[{"@type":"ListItem","position":1,"name":"\u0424\u043e\u0442\u043a\u0438"}]}]}},"_links":{"self":[{"href":"https:\/\/dzidzio.com\/pl\/wp-json\/wp\/v2\/pages\/823"}],"collection":[{"href":"https:\/\/dzidzio.com\/pl\/wp-json\/wp\/v2\/pages"}],"about":[{"href":"https:\/\/dzidzio.com\/pl\/wp-json\/wp\/v2\/types\/page"}],"author":[{"embeddable":true,"href":"https:\/\/dzidzio.com\/pl\/wp-json\/wp\/v2\/users\/1"}],"replies":[{"embeddable":true,"href":"https:\/\/dzidzio.com\/pl\/wp-json\/wp\/v2\/comments?post=823"}],"version-history":[{"count":0,"href":"https:\/\/dzidzio.com\/pl\/wp-json\/wp\/v2\/pages\/823\/revisions"}],"wp:featuredmedia":[{"embeddable":true,"href":"https:\/\/dzidzio.com\/pl\/wp-json\/"}],"wp:attachment":[{"href":"https:\/\/dzidzio.com\/pl\/wp-json\/wp\/v2\/media?parent=823"}],"curies":[{"name":"wp","href":"https:\/\/api.w.org\/{rel}","templated":true}]}}