{"id":2612,"date":"2017-10-11T16:27:25","date_gmt":"2017-10-11T13:27:25","guid":{"rendered":"https:\/\/dzidzio.com\/?page_id=2612"},"modified":"2018-03-14T13:31:23","modified_gmt":"2018-03-14T11:31:23","slug":"payment","status":"publish","type":"page","link":"https:\/\/dzidzio.com\/pl\/dzidzioshop\/payment\/","title":{"rendered":"P\u0142atno\u015b\u0107"},"content":{"rendered":"<p>[vc_row][vc_column][vc_custom_heading text=&#8221;Payments:&#8221; use_theme_fonts=&#8221;yes&#8221; el_class=&#8221;dz-heading&#8221;][\/vc_column][\/vc_row][vc_row][vc_column width=&#8221;3\/4&#8243;][vc_empty_space][vc_column_text]DZIDZIOSHOP \u043f\u0440\u043e\u043f\u043e\u043d\u0443\u0454 \u0432\u0430\u043c \u043d\u0430\u0439\u0437\u0440\u0443\u0447\u043d\u0456\u0448\u0456 \u0444\u043e\u0440\u043c\u0438 \u043e\u043f\u043b\u0430\u0442\u0438 \u0437\u0430\u043c\u043e\u0432\u043b\u0435\u043d\u043d\u044f.<\/p>\n<p>&nbsp;<\/p>\n<p><strong>\u041e\u043f\u043b\u0430\u0442\u0430 \u0442\u043e\u0432\u0430\u0440\u0443 \u0447\u0435\u0440\u0435\u0437 \u043a\u043e\u0448\u0438\u043a<\/strong> \u0437\u0434\u0456\u0439\u0441\u043d\u044e\u0454\u0442\u044c\u0441\u044f \u0447\u0435\u0440\u0435\u0437 \u0441\u0435\u0440\u0432\u0456\u0441 \u043d\u0430\u0434\u0456\u0439\u043d\u0438\u0445 \u043c\u0438\u0442\u0442\u0454\u0432\u0438\u0445 \u043f\u043b\u0430\u0442\u0435\u0436\u0456\u0432 LIQPAY. \u0422\u0430\u043c \u0432\u0438 \u043c\u043e\u0436\u0435\u0442\u0435 \u043e\u0431\u0440\u0430\u0442\u0438 \u043a\u0456\u043b\u044c\u043a\u0430 \u0440\u0456\u0437\u043d\u0438\u0445 \u0441\u043f\u043e\u0441\u043e\u0431\u0456\u0432 \u043e\u043f\u043b\u0430\u0442\u0438:<\/p>\n<p>&#8211; \u0432\u0432\u0435\u0441\u0442\u0438 \u0434\u0430\u043d\u0456 \u0432\u0430\u0448\u043e\u0457 \u043a\u0430\u0440\u0442\u0438 \u043d\u0430\u043f\u0440\u044f\u043c\u0443,<\/p>\n<p>&#8211; \u043e\u0431\u0440\u0430\u0442\u0438 \u0441\u0435\u0440\u0432\u0456\u0441 \u041f\u0440\u0438\u0432\u0430\u044224,<\/p>\n<p>&#8211; \u0433\u0430\u043c\u0430\u043d\u0435\u0446\u044c LiqPay,<\/p>\n<p>&#8211; \u043e\u0442\u0440\u0438\u043c\u0430\u0442\u0438 \u0456\u043d\u0441\u0442\u0440\u0443\u043a\u0446\u0456\u044e \u0434\u043b\u044f \u043e\u043f\u043b\u0430\u0442\u0438 \u0432 \u0442\u0435\u0440\u043c\u0456\u043d\u0430\u043b\u0430\u0445 \u041f\u0440\u0438\u0432\u0430\u0442\u0411\u0430\u043d\u043a\u0443,<\/p>\n<p>&#8211; \u043e\u0442\u0440\u0438\u043c\u0430\u0442\u0438 \u0440\u0430\u0445\u0443\u043d\u043e\u043a \u043d\u0430 \u0435-\u043c\u0435\u0439\u043b,<\/p>\n<p>&#8211; \u0441\u043a\u043e\u0440\u0438\u0441\u0442\u0430\u0442\u0438\u0441\u044c \u0441\u0435\u0440\u0432\u0456\u0441\u043e\u043c MasterPass (\u0434\u043b\u044f \u0432\u043b\u0430\u0441\u043d\u0438\u043a\u0456\u0432 MasterCard).<\/p>\n<p>&nbsp;<\/p>\n<p><strong>\u041e\u043f\u043b\u0430\u0442\u0430 \u0442\u043e\u0432\u0430\u0440\u0443 \u0447\u0435\u0440\u0435\u0437 \u043a\u043d\u043e\u043f\u043a\u0443 &#8222;\u041f\u0440\u0438\u0434\u0431\u0430\u0442\u0438 \u0432 1 \u043a\u043b\u0456\u043a&#8221;<\/strong>\u00a0&#8211; \u0437\u0430\u043f\u043e\u0432\u043d\u0456\u0442\u044c \u0432\u0441\u0456 \u043d\u0435\u043e\u0431\u0445\u0456\u0434\u043d\u0456 \u043f\u043e\u043b\u044f \u0442\u0430 \u0447\u0435\u043a\u0430\u0439\u0442\u0435 \u0434\u0437\u0432\u0456\u043d\u043a\u0430 \u0432\u0456\u0434 \u0430\u0434\u043c\u0456\u043d\u0456\u0441\u0442\u0440\u0430\u0442\u043e\u0440\u0430 \u043c\u0430\u0433\u0430\u0437\u0438\u043d\u0443, \u044f\u043a\u0438\u0439 \u043f\u043e\u044f\u0441\u043d\u0438\u0442\u044c \u0432\u0441\u0456 \u0434\u0435\u0442\u0430\u043b\u0456 \u043f\u043e\u043a\u0443\u043f\u043a\u0438<strong>.<br \/>\n<\/strong><\/p>\n<p>&nbsp;<\/p>\n<p><strong>\u0414\u043b\u044f \u0442\u043e\u0433\u043e, \u0449\u043e\u0431 \u043a\u0443\u043f\u0438\u0442\u0438 \u0440\u0456\u0447, \u044f\u043a\u0430 \u0432\u0430\u043c \u043f\u043e\u0434\u043e\u0431\u0430\u0454\u0442\u044c\u0441\u044f, \u043d\u0435\u043e\u0431\u0445\u0456\u0434\u043d\u043e \u043b\u0438\u0448\u0435 \u0437\u0440\u043e\u0431\u0438\u0442\u0438 \u0437\u0430\u043c\u043e\u0432\u043b\u0435\u043d\u043d\u044f \u0432 \u043d\u0430\u0448\u043e\u043c\u0443 \u043c\u0430\u0433\u0430\u0437\u0438\u043d\u0456 \u0456 \u0447\u0435\u0440\u0435\u0437 \u043a\u0456\u043b\u044c\u043a\u0430 \u0434\u043d\u0456\u0432 (\u0434\u043e 5 \u0440\u043e\u0431\u043e\u0447\u0438\u0445 \u0434\u043d\u0456\u0432) \u043e\u0442\u0440\u0438\u043c\u0430\u0442\u0438 \u0442\u043e\u0432\u0430\u0440 \u0443 \u0441\u0435\u0431\u0435 \u0432 \u043c\u0456\u0441\u0442\u0456!<\/strong><\/p>\n<p><strong>! \u0412\u0410\u0416\u041b\u0418\u0412\u041e: \u0414\u043e\u0441\u0442\u0430\u0432\u043a\u0443 \u0442\u043e\u0432\u0430\u0440\u0443 \u043e\u043f\u043b\u0430\u0447\u0443\u0454 \u043f\u043e\u043a\u0443\u043f\u0435\u0446\u044c. \u0412\u0430\u0440\u0442\u0456\u0441\u0442\u044c \u0434\u043e\u0441\u0442\u0430\u0432\u043a\u0438 \u043d\u0435 \u0432\u0445\u043e\u0434\u0438\u0442\u044c \u0432 \u0446\u0456\u043d\u0443 \u0442\u043e\u0432\u0430\u0440\u0443!<br \/>\n<\/strong><\/p>\n<p>\u041f\u0440\u043e \u0443\u043c\u043e\u0432\u0438 \u0434\u043e\u0441\u0442\u0430\u0432\u043a\u0438 \u0447\u0438\u0442\u0430\u0439\u0442\u0435 \u0432 \u0440\u043e\u0437\u0434\u0456\u043b\u0456 <a href=\"https:\/\/dzidzio.com\/dzidzioshop\/delivery\/\"><strong>\u0414\u041e\u0421\u0422\u0410\u0412\u041a\u0410<\/strong><\/a>.[\/vc_column_text][\/vc_column][vc_column width=&#8221;1\/4&#8243;][vc_widget_sidebar show_bg=&#8221;false&#8221; sidebar_id=&#8221;sidebar_1&#8243; el_class=&#8221;dz-dzshop-sidebar&#8221;][\/vc_column][\/vc_row]<\/p>","protected":false},"excerpt":{"rendered":"<p>[vc_row][vc_column][vc_custom_heading text=&#8221;Payments:&#8221; use_theme_fonts=&#8221;yes&#8221; el_class=&#8221;dz-heading&#8221;][\/vc_column][\/vc_row][vc_row][vc_column width=&#8221;3\/4&#8243;][vc_empty_space][vc_column_text]DZIDZIOSHOP \u043f\u0440\u043e\u043f\u043e\u043d\u0443\u0454 \u0432\u0430\u043c \u043d\u0430\u0439\u0437\u0440\u0443\u0447\u043d\u0456\u0448\u0456 \u0444\u043e\u0440\u043c\u0438 \u043e\u043f\u043b\u0430\u0442\u0438 \u0437\u0430\u043c\u043e\u0432\u043b\u0435\u043d\u043d\u044f. &nbsp; \u041e\u043f\u043b\u0430\u0442\u0430 \u0442\u043e\u0432\u0430\u0440\u0443 \u0447\u0435\u0440\u0435\u0437 \u043a\u043e\u0448\u0438\u043a \u0437\u0434\u0456\u0439\u0441\u043d\u044e\u0454\u0442\u044c\u0441\u044f \u0447\u0435\u0440\u0435\u0437 \u0441\u0435\u0440\u0432\u0456\u0441 \u043d\u0430\u0434\u0456\u0439\u043d\u0438\u0445 \u043c\u0438\u0442\u0442\u0454\u0432\u0438\u0445 \u043f\u043b\u0430\u0442\u0435\u0436\u0456\u0432 LIQPAY. \u0422\u0430\u043c \u0432\u0438 \u043c\u043e\u0436\u0435\u0442\u0435 \u043e\u0431\u0440\u0430\u0442\u0438 \u043a\u0456\u043b\u044c\u043a\u0430 \u0440\u0456\u0437\u043d\u0438\u0445 \u0441\u043f\u043e\u0441\u043e\u0431\u0456\u0432 \u043e\u043f\u043b\u0430\u0442\u0438: &#8211; \u0432\u0432\u0435\u0441\u0442\u0438 \u0434\u0430\u043d\u0456 \u0432\u0430\u0448\u043e\u0457 \u043a\u0430\u0440\u0442\u0438 \u043d\u0430\u043f\u0440\u044f\u043c\u0443, &#8211; \u043e\u0431\u0440\u0430\u0442\u0438 \u0441\u0435\u0440\u0432\u0456\u0441 \u041f\u0440\u0438\u0432\u0430\u044224, &#8211; \u0433\u0430\u043c\u0430\u043d\u0435\u0446\u044c LiqPay, &#8211; \u043e\u0442\u0440\u0438\u043c\u0430\u0442\u0438 \u0456\u043d\u0441\u0442\u0440\u0443\u043a\u0446\u0456\u044e \u0434\u043b\u044f \u043e\u043f\u043b\u0430\u0442\u0438 \u0432 \u0442\u0435\u0440\u043c\u0456\u043d\u0430\u043b\u0430\u0445 \u041f\u0440\u0438\u0432\u0430\u0442\u0411\u0430\u043d\u043a\u0443, &#8211; \u043e\u0442\u0440\u0438\u043c\u0430\u0442\u0438 \u0440\u0430\u0445\u0443\u043d\u043e\u043a&hellip;<\/p>\n","protected":false},"author":1,"featured_media":-1,"parent":1280,"menu_order":0,"comment_status":"closed","ping_status":"closed","template":"","meta":[],"yoast_head":"<!-- This site is optimized with the Yoast SEO plugin v18.5.1 - https:\/\/yoast.com\/wordpress\/plugins\/seo\/ -->\n<title>P\u0142atno\u015b\u0107 - Dzidzio<\/title>\n<meta name=\"robots\" content=\"index, follow, max-snippet:-1, max-image-preview:large, max-video-preview:-1\" \/>\n<link rel=\"canonical\" href=\"https:\/\/dzidzio.com\/pl\/dzidzioshop\/payment\/\" \/>\n<meta property=\"og:locale\" content=\"pl_PL\" \/>\n<meta property=\"og:type\" content=\"article\" \/>\n<meta property=\"og:title\" content=\"P\u0142atno\u015b\u0107 - Dzidzio\" \/>\n<meta property=\"og:description\" content=\"[vc_row][vc_column][vc_custom_heading text=&#8221;Payments:&#8221; use_theme_fonts=&#8221;yes&#8221; el_class=&#8221;dz-heading&#8221;][\/vc_column][\/vc_row][vc_row][vc_column width=&#8221;3\/4&#8243;][vc_empty_space][vc_column_text]DZIDZIOSHOP \u043f\u0440\u043e\u043f\u043e\u043d\u0443\u0454 \u0432\u0430\u043c \u043d\u0430\u0439\u0437\u0440\u0443\u0447\u043d\u0456\u0448\u0456 \u0444\u043e\u0440\u043c\u0438 \u043e\u043f\u043b\u0430\u0442\u0438 \u0437\u0430\u043c\u043e\u0432\u043b\u0435\u043d\u043d\u044f. &nbsp; \u041e\u043f\u043b\u0430\u0442\u0430 \u0442\u043e\u0432\u0430\u0440\u0443 \u0447\u0435\u0440\u0435\u0437 \u043a\u043e\u0448\u0438\u043a \u0437\u0434\u0456\u0439\u0441\u043d\u044e\u0454\u0442\u044c\u0441\u044f \u0447\u0435\u0440\u0435\u0437 \u0441\u0435\u0440\u0432\u0456\u0441 \u043d\u0430\u0434\u0456\u0439\u043d\u0438\u0445 \u043c\u0438\u0442\u0442\u0454\u0432\u0438\u0445 \u043f\u043b\u0430\u0442\u0435\u0436\u0456\u0432 LIQPAY. \u0422\u0430\u043c \u0432\u0438 \u043c\u043e\u0436\u0435\u0442\u0435 \u043e\u0431\u0440\u0430\u0442\u0438 \u043a\u0456\u043b\u044c\u043a\u0430 \u0440\u0456\u0437\u043d\u0438\u0445 \u0441\u043f\u043e\u0441\u043e\u0431\u0456\u0432 \u043e\u043f\u043b\u0430\u0442\u0438: &#8211; \u0432\u0432\u0435\u0441\u0442\u0438 \u0434\u0430\u043d\u0456 \u0432\u0430\u0448\u043e\u0457 \u043a\u0430\u0440\u0442\u0438 \u043d\u0430\u043f\u0440\u044f\u043c\u0443, &#8211; \u043e\u0431\u0440\u0430\u0442\u0438 \u0441\u0435\u0440\u0432\u0456\u0441 \u041f\u0440\u0438\u0432\u0430\u044224, &#8211; \u0433\u0430\u043c\u0430\u043d\u0435\u0446\u044c LiqPay, &#8211; \u043e\u0442\u0440\u0438\u043c\u0430\u0442\u0438 \u0456\u043d\u0441\u0442\u0440\u0443\u043a\u0446\u0456\u044e \u0434\u043b\u044f \u043e\u043f\u043b\u0430\u0442\u0438 \u0432 \u0442\u0435\u0440\u043c\u0456\u043d\u0430\u043b\u0430\u0445 \u041f\u0440\u0438\u0432\u0430\u0442\u0411\u0430\u043d\u043a\u0443, &#8211; \u043e\u0442\u0440\u0438\u043c\u0430\u0442\u0438 \u0440\u0430\u0445\u0443\u043d\u043e\u043a&hellip;\" \/>\n<meta property=\"og:url\" content=\"https:\/\/dzidzio.com\/pl\/dzidzioshop\/payment\/\" \/>\n<meta property=\"og:site_name\" content=\"Dzidzio\" \/>\n<meta property=\"article:modified_time\" content=\"2018-03-14T11:31:23+00:00\" \/>\n<meta name=\"twitter:card\" content=\"summary\" \/>\n<meta name=\"twitter:label1\" content=\"Szacowany czas czytania\" \/>\n\t<meta name=\"twitter:data1\" content=\"1 minuta\" \/>\n<script type=\"application\/ld+json\" class=\"yoast-schema-graph\">{\"@context\":\"https:\/\/schema.org\",\"@graph\":[{\"@type\":\"WebSite\",\"@id\":\"https:\/\/dzidzio.com\/pl\/#website\",\"url\":\"https:\/\/dzidzio.com\/pl\/\",\"name\":\"Dzidzio\",\"description\":\"\",\"potentialAction\":[{\"@type\":\"SearchAction\",\"target\":{\"@type\":\"EntryPoint\",\"urlTemplate\":\"https:\/\/dzidzio.com\/pl\/?s={search_term_string}\"},\"query-input\":\"required name=search_term_string\"}],\"inLanguage\":\"pl-PL\"},{\"@type\":\"ImageObject\",\"@id\":\"https:\/\/dzidzio.com\/pl\/dzidzioshop\/payment\/#primaryimage\",\"inLanguage\":\"pl-PL\",\"url\":\"\",\"contentUrl\":\"\"},{\"@type\":\"WebPage\",\"@id\":\"https:\/\/dzidzio.com\/pl\/dzidzioshop\/payment\/#webpage\",\"url\":\"https:\/\/dzidzio.com\/pl\/dzidzioshop\/payment\/\",\"name\":\"P\u0142atno\u015b\u0107 - Dzidzio\",\"isPartOf\":{\"@id\":\"https:\/\/dzidzio.com\/pl\/#website\"},\"primaryImageOfPage\":{\"@id\":\"https:\/\/dzidzio.com\/pl\/dzidzioshop\/payment\/#primaryimage\"},\"datePublished\":\"2017-10-11T13:27:25+00:00\",\"dateModified\":\"2018-03-14T11:31:23+00:00\",\"breadcrumb\":{\"@id\":\"https:\/\/dzidzio.com\/pl\/dzidzioshop\/payment\/#breadcrumb\"},\"inLanguage\":\"pl-PL\",\"potentialAction\":[{\"@type\":\"ReadAction\",\"target\":[[\"https:\/\/dzidzio.com\/pl\/dzidzioshop\/payment\/\"]]}]},{\"@type\":\"BreadcrumbList\",\"@id\":\"https:\/\/dzidzio.com\/pl\/dzidzioshop\/payment\/#breadcrumb\",\"itemListElement\":[{\"@type\":\"ListItem\",\"position\":1,\"name\":\"DZIDZIOSHOP\",\"item\":\"https:\/\/dzidzio.com\/pl\/dzidzioshop\/\"},{\"@type\":\"ListItem\",\"position\":2,\"name\":\"\u0423\u043c\u043e\u0432\u0438 \u043e\u043f\u043b\u0430\u0442\u0438\"}]}]}<\/script>\n<!-- \/ Yoast SEO plugin. -->","yoast_head_json":{"title":"P\u0142atno\u015b\u0107 - Dzidzio","robots":{"index":"index","follow":"follow","max-snippet":"max-snippet:-1","max-image-preview":"max-image-preview:large","max-video-preview":"max-video-preview:-1"},"canonical":"https:\/\/dzidzio.com\/pl\/dzidzioshop\/payment\/","og_locale":"pl_PL","og_type":"article","og_title":"P\u0142atno\u015b\u0107 - Dzidzio","og_description":"[vc_row][vc_column][vc_custom_heading text=&#8221;Payments:&#8221; use_theme_fonts=&#8221;yes&#8221; el_class=&#8221;dz-heading&#8221;][\/vc_column][\/vc_row][vc_row][vc_column width=&#8221;3\/4&#8243;][vc_empty_space][vc_column_text]DZIDZIOSHOP \u043f\u0440\u043e\u043f\u043e\u043d\u0443\u0454 \u0432\u0430\u043c \u043d\u0430\u0439\u0437\u0440\u0443\u0447\u043d\u0456\u0448\u0456 \u0444\u043e\u0440\u043c\u0438 \u043e\u043f\u043b\u0430\u0442\u0438 \u0437\u0430\u043c\u043e\u0432\u043b\u0435\u043d\u043d\u044f. &nbsp; \u041e\u043f\u043b\u0430\u0442\u0430 \u0442\u043e\u0432\u0430\u0440\u0443 \u0447\u0435\u0440\u0435\u0437 \u043a\u043e\u0448\u0438\u043a \u0437\u0434\u0456\u0439\u0441\u043d\u044e\u0454\u0442\u044c\u0441\u044f \u0447\u0435\u0440\u0435\u0437 \u0441\u0435\u0440\u0432\u0456\u0441 \u043d\u0430\u0434\u0456\u0439\u043d\u0438\u0445 \u043c\u0438\u0442\u0442\u0454\u0432\u0438\u0445 \u043f\u043b\u0430\u0442\u0435\u0436\u0456\u0432 LIQPAY. \u0422\u0430\u043c \u0432\u0438 \u043c\u043e\u0436\u0435\u0442\u0435 \u043e\u0431\u0440\u0430\u0442\u0438 \u043a\u0456\u043b\u044c\u043a\u0430 \u0440\u0456\u0437\u043d\u0438\u0445 \u0441\u043f\u043e\u0441\u043e\u0431\u0456\u0432 \u043e\u043f\u043b\u0430\u0442\u0438: &#8211; \u0432\u0432\u0435\u0441\u0442\u0438 \u0434\u0430\u043d\u0456 \u0432\u0430\u0448\u043e\u0457 \u043a\u0430\u0440\u0442\u0438 \u043d\u0430\u043f\u0440\u044f\u043c\u0443, &#8211; \u043e\u0431\u0440\u0430\u0442\u0438 \u0441\u0435\u0440\u0432\u0456\u0441 \u041f\u0440\u0438\u0432\u0430\u044224, &#8211; \u0433\u0430\u043c\u0430\u043d\u0435\u0446\u044c LiqPay, &#8211; \u043e\u0442\u0440\u0438\u043c\u0430\u0442\u0438 \u0456\u043d\u0441\u0442\u0440\u0443\u043a\u0446\u0456\u044e \u0434\u043b\u044f \u043e\u043f\u043b\u0430\u0442\u0438 \u0432 \u0442\u0435\u0440\u043c\u0456\u043d\u0430\u043b\u0430\u0445 \u041f\u0440\u0438\u0432\u0430\u0442\u0411\u0430\u043d\u043a\u0443, &#8211; \u043e\u0442\u0440\u0438\u043c\u0430\u0442\u0438 \u0440\u0430\u0445\u0443\u043d\u043e\u043a&hellip;","og_url":"https:\/\/dzidzio.com\/pl\/dzidzioshop\/payment\/","og_site_name":"Dzidzio","article_modified_time":"2018-03-14T11:31:23+00:00","twitter_card":"summary","twitter_misc":{"Szacowany czas czytania":"1 minuta"},"schema":{"@context":"https:\/\/schema.org","@graph":[{"@type":"WebSite","@id":"https:\/\/dzidzio.com\/pl\/#website","url":"https:\/\/dzidzio.com\/pl\/","name":"Dzidzio","description":"","potentialAction":[{"@type":"SearchAction","target":{"@type":"EntryPoint","urlTemplate":"https:\/\/dzidzio.com\/pl\/?s={search_term_string}"},"query-input":"required name=search_term_string"}],"inLanguage":"pl-PL"},{"@type":"ImageObject","@id":"https:\/\/dzidzio.com\/pl\/dzidzioshop\/payment\/#primaryimage","inLanguage":"pl-PL","url":"","contentUrl":""},{"@type":"WebPage","@id":"https:\/\/dzidzio.com\/pl\/dzidzioshop\/payment\/#webpage","url":"https:\/\/dzidzio.com\/pl\/dzidzioshop\/payment\/","name":"P\u0142atno\u015b\u0107 - Dzidzio","isPartOf":{"@id":"https:\/\/dzidzio.com\/pl\/#website"},"primaryImageOfPage":{"@id":"https:\/\/dzidzio.com\/pl\/dzidzioshop\/payment\/#primaryimage"},"datePublished":"2017-10-11T13:27:25+00:00","dateModified":"2018-03-14T11:31:23+00:00","breadcrumb":{"@id":"https:\/\/dzidzio.com\/pl\/dzidzioshop\/payment\/#breadcrumb"},"inLanguage":"pl-PL","potentialAction":[{"@type":"ReadAction","target":[["https:\/\/dzidzio.com\/pl\/dzidzioshop\/payment\/"]]}]},{"@type":"BreadcrumbList","@id":"https:\/\/dzidzio.com\/pl\/dzidzioshop\/payment\/#breadcrumb","itemListElement":[{"@type":"ListItem","position":1,"name":"DZIDZIOSHOP","item":"https:\/\/dzidzio.com\/pl\/dzidzioshop\/"},{"@type":"ListItem","position":2,"name":"\u0423\u043c\u043e\u0432\u0438 \u043e\u043f\u043b\u0430\u0442\u0438"}]}]}},"_links":{"self":[{"href":"https:\/\/dzidzio.com\/pl\/wp-json\/wp\/v2\/pages\/2612"}],"collection":[{"href":"https:\/\/dzidzio.com\/pl\/wp-json\/wp\/v2\/pages"}],"about":[{"href":"https:\/\/dzidzio.com\/pl\/wp-json\/wp\/v2\/types\/page"}],"author":[{"embeddable":true,"href":"https:\/\/dzidzio.com\/pl\/wp-json\/wp\/v2\/users\/1"}],"replies":[{"embeddable":true,"href":"https:\/\/dzidzio.com\/pl\/wp-json\/wp\/v2\/comments?post=2612"}],"version-history":[{"count":0,"href":"https:\/\/dzidzio.com\/pl\/wp-json\/wp\/v2\/pages\/2612\/revisions"}],"up":[{"embeddable":true,"href":"https:\/\/dzidzio.com\/pl\/wp-json\/wp\/v2\/pages\/1280"}],"wp:featuredmedia":[{"embeddable":true,"href":"https:\/\/dzidzio.com\/pl\/wp-json\/"}],"wp:attachment":[{"href":"https:\/\/dzidzio.com\/pl\/wp-json\/wp\/v2\/media?parent=2612"}],"curies":[{"name":"wp","href":"https:\/\/api.w.org\/{rel}","templated":true}]}}