{"id":25,"date":"2017-07-04T16:43:48","date_gmt":"2017-07-04T13:43:48","guid":{"rendered":"http:\/\/dz.alexlans.com\/?page_id=25"},"modified":"2023-12-25T17:00:58","modified_gmt":"2023-12-25T15:00:58","slug":"about","status":"publish","type":"page","link":"https:\/\/dzidzio.com\/pl\/","title":{"rendered":"O DZIDZIO"},"content":{"rendered":"<p>[vc_row][vc_column][vc_tta_tabs shape=&#8221;square&#8221; color=&#8221;purple&#8221; spacing=&#8221;20&#8243; gap=&#8221;30&#8243; active_section=&#8221;1&#8243; el_class=&#8221;dz-about-tabs&#8221;][vc_tta_section title=&#8221;Dzidzio&#8221; tab_id=&#8221;band-members&#8221;][vc_empty_space][vc_row_inner equal_height=&#8221;yes&#8221; content_placement=&#8221;middle&#8221;][vc_column_inner width=&#8221;1\/3&#8243;][vc_single_image image=&#8221;3261&#8243; img_size=&#8221;full&#8221; alignment=&#8221;center&#8221; style=&#8221;vc_box_circle_2&#8243; css=&#8221;.vc_custom_1510568660464{padding-right: 8% !important;padding-left: 8% !important;}&#8221;][\/vc_column_inner][vc_column_inner width=&#8221;2\/3&#8243;][vc_raw_html css=&#8221;.vc_custom_1507626150701{margin-bottom: 0px !important;}&#8221;]JTNDaDIlMjBjbGFzcyUzRCUyMmR6LWhlYWRpbmclMjIlMjAlM0VEemlkemlvJTIwJTNDYSUyMGhyZWYlM0QlMjIlMkZjb250YWN0cyUyRiUyMiUzRSUwQSUzQ2ltZyUyMGNsYXNzJTNEJTIyZHotZW52ZWxvcGUtbyUyMiUyMHNyYyUzRCUyMiUyRndwLWNvbnRlbnQlMkZ1cGxvYWRzJTJGMjAxNyUyRjA3JTJGZW52ZWxvcGUtby5wbmclMjIlMjBhbHQlM0QlMjJtYWlsJTIyJTNFJTBBJTNDaW1nJTIwY2xhc3MlM0QlMjJkei1lbnZlbG9wZSUyMiUyMHNyYyUzRCUyMiUyRndwLWNvbnRlbnQlMkZ1cGxvYWRzJTJGMjAxNyUyRjA3JTJGZW52ZWxvcGUucG5nJTIyJTIwYWx0JTNEJTIybWFpbCUyMiUzRSUyMCUzQ3NwYW4lM0VuYXBpc2ElQzQlODclMjBsaXN0JTNDJTJGc3BhbiUzRSUzQyUyRmElM0UlMEElM0MlMkZoMiUzRQ==[\/vc_raw_html][vc_column_text]To megapopularny facet z brod\u0105 i w\u0105sami. Antyglamurowy \u017cebrak i kompozytor, wykonawca, poeta, filozof, dramaturg, ginekolog-samouk i bard. Ulubiony pokarm \u2013 ryba z chlebem, d\u017cem ze \u015bwini. \u017badnej kurwy si\u0119 nie boi, bo ma w dupie dwa naboje (opr\u00f3cz szczypawki i paj\u0105ki). Charakter \u2013 pozytywny chami prostak, sama dobro\u0107 z nogami. Pierwsza nauczycielka \u2013 Kuzma Skriabin. Na Pask\u0119 i Wielkanoc \u2013 zawsze w Nowojaworiwsku.<\/p>\n<p><em>Wokal. Wykszta\u0142cenie muzyczne, szkola wy\u017csza. Udany maksymalista.<\/em>[\/vc_column_text][\/vc_column_inner][\/vc_row_inner][vc_empty_space][\/vc_tta_section][\/vc_tta_tabs][\/vc_column][vc_column][\/vc_column][\/vc_row]<\/p>","protected":false},"excerpt":{"rendered":"<p>[vc_row][vc_column][vc_tta_tabs shape=&#8221;square&#8221; color=&#8221;purple&#8221; spacing=&#8221;20&#8243; gap=&#8221;30&#8243; active_section=&#8221;1&#8243; el_class=&#8221;dz-about-tabs&#8221;][vc_tta_section title=&#8221;Dzidzio&#8221; tab_id=&#8221;band-members&#8221;][vc_empty_space][vc_row_inner equal_height=&#8221;yes&#8221; content_placement=&#8221;middle&#8221;][vc_column_inner width=&#8221;1\/3&#8243;][vc_single_image image=&#8221;3261&#8243; img_size=&#8221;full&#8221; alignment=&#8221;center&#8221; style=&#8221;vc_box_circle_2&#8243; css=&#8221;.vc_custom_1510568660464{padding-right: 8% !important;padding-left: 8% !important;}&#8221;][\/vc_column_inner][vc_column_inner width=&#8221;2\/3&#8243;][vc_raw_html css=&#8221;.vc_custom_1507626150701{margin-bottom: 0px !important;}&#8221;]JTNDaDIlMjBjbGFzcyUzRCUyMmR6LWhlYWRpbmclMjIlMjAlM0VEemlkemlvJTIwJTNDYSUyMGhyZWYlM0QlMjIlMkZjb250YWN0cyUyRiUyMiUzRSUwQSUzQ2ltZyUyMGNsYXNzJTNEJTIyZHotZW52ZWxvcGUtbyUyMiUyMHNyYyUzRCUyMiUyRndwLWNvbnRlbnQlMkZ1cGxvYWRzJTJGMjAxNyUyRjA3JTJGZW52ZWxvcGUtby5wbmclMjIlMjBhbHQlM0QlMjJtYWlsJTIyJTNFJTBBJTNDaW1nJTIwY2xhc3MlM0QlMjJkei1lbnZlbG9wZSUyMiUyMHNyYyUzRCUyMiUyRndwLWNvbnRlbnQlMkZ1cGxvYWRzJTJGMjAxNyUyRjA3JTJGZW52ZWxvcGUucG5nJTIyJTIwYWx0JTNEJTIybWFpbCUyMiUzRSUyMCUzQ3NwYW4lM0VuYXBpc2ElQzQlODclMjBsaXN0JTNDJTJGc3BhbiUzRSUzQyUyRmElM0UlMEElM0MlMkZoMiUzRQ==[\/vc_raw_html][vc_column_text]To megapopularny facet z brod\u0105 i w\u0105sami. Antyglamurowy \u017cebrak i kompozytor, wykonawca, poeta, filozof, dramaturg, ginekolog-samouk i bard. Ulubiony pokarm \u2013 ryba z chlebem, d\u017cem ze \u015bwini. \u017badnej kurwy si\u0119 nie&hellip;<\/p>\n","protected":false},"author":1,"featured_media":-1,"parent":0,"menu_order":0,"comment_status":"closed","ping_status":"closed","template":"","meta":[],"yoast_head":"<!-- This site is optimized with the Yoast SEO plugin v18.5.1 - https:\/\/yoast.com\/wordpress\/plugins\/seo\/ -->\n<title>O DZIDZIO - Dzidzio<\/title>\n<meta name=\"robots\" content=\"index, follow, max-snippet:-1, max-image-preview:large, max-video-preview:-1\" \/>\n<link rel=\"canonical\" href=\"https:\/\/dzidzio.com\/pl\/\" \/>\n<meta property=\"og:locale\" content=\"pl_PL\" \/>\n<meta property=\"og:type\" content=\"article\" \/>\n<meta property=\"og:title\" content=\"O DZIDZIO - Dzidzio\" \/>\n<meta property=\"og:description\" content=\"[vc_row][vc_column][vc_tta_tabs shape=&#8221;square&#8221; color=&#8221;purple&#8221; spacing=&#8221;20&#8243; gap=&#8221;30&#8243; active_section=&#8221;1&#8243; el_class=&#8221;dz-about-tabs&#8221;][vc_tta_section title=&#8221;Dzidzio&#8221; tab_id=&#8221;band-members&#8221;][vc_empty_space][vc_row_inner equal_height=&#8221;yes&#8221; content_placement=&#8221;middle&#8221;][vc_column_inner width=&#8221;1\/3&#8243;][vc_single_image image=&#8221;3261&#8243; img_size=&#8221;full&#8221; alignment=&#8221;center&#8221; style=&#8221;vc_box_circle_2&#8243; css=&#8221;.vc_custom_1510568660464{padding-right: 8% !important;padding-left: 8% !important;}&#8221;][\/vc_column_inner][vc_column_inner width=&#8221;2\/3&#8243;][vc_raw_html css=&#8221;.vc_custom_1507626150701{margin-bottom: 0px !important;}&#8221;]JTNDaDIlMjBjbGFzcyUzRCUyMmR6LWhlYWRpbmclMjIlMjAlM0VEemlkemlvJTIwJTNDYSUyMGhyZWYlM0QlMjIlMkZjb250YWN0cyUyRiUyMiUzRSUwQSUzQ2ltZyUyMGNsYXNzJTNEJTIyZHotZW52ZWxvcGUtbyUyMiUyMHNyYyUzRCUyMiUyRndwLWNvbnRlbnQlMkZ1cGxvYWRzJTJGMjAxNyUyRjA3JTJGZW52ZWxvcGUtby5wbmclMjIlMjBhbHQlM0QlMjJtYWlsJTIyJTNFJTBBJTNDaW1nJTIwY2xhc3MlM0QlMjJkei1lbnZlbG9wZSUyMiUyMHNyYyUzRCUyMiUyRndwLWNvbnRlbnQlMkZ1cGxvYWRzJTJGMjAxNyUyRjA3JTJGZW52ZWxvcGUucG5nJTIyJTIwYWx0JTNEJTIybWFpbCUyMiUzRSUyMCUzQ3NwYW4lM0VuYXBpc2ElQzQlODclMjBsaXN0JTNDJTJGc3BhbiUzRSUzQyUyRmElM0UlMEElM0MlMkZoMiUzRQ==[\/vc_raw_html][vc_column_text]To megapopularny facet z brod\u0105 i w\u0105sami. Antyglamurowy \u017cebrak i kompozytor, wykonawca, poeta, filozof, dramaturg, ginekolog-samouk i bard. Ulubiony pokarm \u2013 ryba z chlebem, d\u017cem ze \u015bwini. \u017badnej kurwy si\u0119 nie&hellip;\" \/>\n<meta property=\"og:url\" content=\"https:\/\/dzidzio.com\/pl\/\" \/>\n<meta property=\"og:site_name\" content=\"Dzidzio\" \/>\n<meta property=\"article:modified_time\" content=\"2023-12-25T15:00:58+00:00\" \/>\n<meta name=\"twitter:card\" content=\"summary\" \/>\n<meta name=\"twitter:label1\" content=\"Szacowany czas czytania\" \/>\n\t<meta name=\"twitter:data1\" content=\"1 minuta\" \/>\n<script type=\"application\/ld+json\" class=\"yoast-schema-graph\">{\"@context\":\"https:\/\/schema.org\",\"@graph\":[{\"@type\":\"WebSite\",\"@id\":\"https:\/\/dzidzio.com\/pl\/#website\",\"url\":\"https:\/\/dzidzio.com\/pl\/\",\"name\":\"Dzidzio\",\"description\":\"\",\"potentialAction\":[{\"@type\":\"SearchAction\",\"target\":{\"@type\":\"EntryPoint\",\"urlTemplate\":\"https:\/\/dzidzio.com\/pl\/?s={search_term_string}\"},\"query-input\":\"required name=search_term_string\"}],\"inLanguage\":\"pl-PL\"},{\"@type\":\"ImageObject\",\"@id\":\"https:\/\/dzidzio.com\/pl\/#primaryimage\",\"inLanguage\":\"pl-PL\",\"url\":\"\",\"contentUrl\":\"\"},{\"@type\":\"WebPage\",\"@id\":\"https:\/\/dzidzio.com\/pl\/#webpage\",\"url\":\"https:\/\/dzidzio.com\/pl\/\",\"name\":\"O DZIDZIO - Dzidzio\",\"isPartOf\":{\"@id\":\"https:\/\/dzidzio.com\/pl\/#website\"},\"primaryImageOfPage\":{\"@id\":\"https:\/\/dzidzio.com\/pl\/#primaryimage\"},\"datePublished\":\"2017-07-04T13:43:48+00:00\",\"dateModified\":\"2023-12-25T15:00:58+00:00\",\"breadcrumb\":{\"@id\":\"https:\/\/dzidzio.com\/pl\/#breadcrumb\"},\"inLanguage\":\"pl-PL\",\"potentialAction\":[{\"@type\":\"ReadAction\",\"target\":[[\"https:\/\/dzidzio.com\/pl\/\"]]}]},{\"@type\":\"BreadcrumbList\",\"@id\":\"https:\/\/dzidzio.com\/pl\/#breadcrumb\",\"itemListElement\":[{\"@type\":\"ListItem\",\"position\":1,\"name\":\"\u041f\u0440\u043e DZIDZIO\"}]}]}<\/script>\n<!-- \/ Yoast SEO plugin. -->","yoast_head_json":{"title":"O DZIDZIO - Dzidzio","robots":{"index":"index","follow":"follow","max-snippet":"max-snippet:-1","max-image-preview":"max-image-preview:large","max-video-preview":"max-video-preview:-1"},"canonical":"https:\/\/dzidzio.com\/pl\/","og_locale":"pl_PL","og_type":"article","og_title":"O DZIDZIO - Dzidzio","og_description":"[vc_row][vc_column][vc_tta_tabs shape=&#8221;square&#8221; color=&#8221;purple&#8221; spacing=&#8221;20&#8243; gap=&#8221;30&#8243; active_section=&#8221;1&#8243; el_class=&#8221;dz-about-tabs&#8221;][vc_tta_section title=&#8221;Dzidzio&#8221; tab_id=&#8221;band-members&#8221;][vc_empty_space][vc_row_inner equal_height=&#8221;yes&#8221; content_placement=&#8221;middle&#8221;][vc_column_inner width=&#8221;1\/3&#8243;][vc_single_image image=&#8221;3261&#8243; img_size=&#8221;full&#8221; alignment=&#8221;center&#8221; style=&#8221;vc_box_circle_2&#8243; css=&#8221;.vc_custom_1510568660464{padding-right: 8% !important;padding-left: 8% !important;}&#8221;][\/vc_column_inner][vc_column_inner width=&#8221;2\/3&#8243;][vc_raw_html css=&#8221;.vc_custom_1507626150701{margin-bottom: 0px !important;}&#8221;]JTNDaDIlMjBjbGFzcyUzRCUyMmR6LWhlYWRpbmclMjIlMjAlM0VEemlkemlvJTIwJTNDYSUyMGhyZWYlM0QlMjIlMkZjb250YWN0cyUyRiUyMiUzRSUwQSUzQ2ltZyUyMGNsYXNzJTNEJTIyZHotZW52ZWxvcGUtbyUyMiUyMHNyYyUzRCUyMiUyRndwLWNvbnRlbnQlMkZ1cGxvYWRzJTJGMjAxNyUyRjA3JTJGZW52ZWxvcGUtby5wbmclMjIlMjBhbHQlM0QlMjJtYWlsJTIyJTNFJTBBJTNDaW1nJTIwY2xhc3MlM0QlMjJkei1lbnZlbG9wZSUyMiUyMHNyYyUzRCUyMiUyRndwLWNvbnRlbnQlMkZ1cGxvYWRzJTJGMjAxNyUyRjA3JTJGZW52ZWxvcGUucG5nJTIyJTIwYWx0JTNEJTIybWFpbCUyMiUzRSUyMCUzQ3NwYW4lM0VuYXBpc2ElQzQlODclMjBsaXN0JTNDJTJGc3BhbiUzRSUzQyUyRmElM0UlMEElM0MlMkZoMiUzRQ==[\/vc_raw_html][vc_column_text]To megapopularny facet z brod\u0105 i w\u0105sami. Antyglamurowy \u017cebrak i kompozytor, wykonawca, poeta, filozof, dramaturg, ginekolog-samouk i bard. Ulubiony pokarm \u2013 ryba z chlebem, d\u017cem ze \u015bwini. \u017badnej kurwy si\u0119 nie&hellip;","og_url":"https:\/\/dzidzio.com\/pl\/","og_site_name":"Dzidzio","article_modified_time":"2023-12-25T15:00:58+00:00","twitter_card":"summary","twitter_misc":{"Szacowany czas czytania":"1 minuta"},"schema":{"@context":"https:\/\/schema.org","@graph":[{"@type":"WebSite","@id":"https:\/\/dzidzio.com\/pl\/#website","url":"https:\/\/dzidzio.com\/pl\/","name":"Dzidzio","description":"","potentialAction":[{"@type":"SearchAction","target":{"@type":"EntryPoint","urlTemplate":"https:\/\/dzidzio.com\/pl\/?s={search_term_string}"},"query-input":"required name=search_term_string"}],"inLanguage":"pl-PL"},{"@type":"ImageObject","@id":"https:\/\/dzidzio.com\/pl\/#primaryimage","inLanguage":"pl-PL","url":"","contentUrl":""},{"@type":"WebPage","@id":"https:\/\/dzidzio.com\/pl\/#webpage","url":"https:\/\/dzidzio.com\/pl\/","name":"O DZIDZIO - Dzidzio","isPartOf":{"@id":"https:\/\/dzidzio.com\/pl\/#website"},"primaryImageOfPage":{"@id":"https:\/\/dzidzio.com\/pl\/#primaryimage"},"datePublished":"2017-07-04T13:43:48+00:00","dateModified":"2023-12-25T15:00:58+00:00","breadcrumb":{"@id":"https:\/\/dzidzio.com\/pl\/#breadcrumb"},"inLanguage":"pl-PL","potentialAction":[{"@type":"ReadAction","target":[["https:\/\/dzidzio.com\/pl\/"]]}]},{"@type":"BreadcrumbList","@id":"https:\/\/dzidzio.com\/pl\/#breadcrumb","itemListElement":[{"@type":"ListItem","position":1,"name":"\u041f\u0440\u043e DZIDZIO"}]}]}},"_links":{"self":[{"href":"https:\/\/dzidzio.com\/pl\/wp-json\/wp\/v2\/pages\/25"}],"collection":[{"href":"https:\/\/dzidzio.com\/pl\/wp-json\/wp\/v2\/pages"}],"about":[{"href":"https:\/\/dzidzio.com\/pl\/wp-json\/wp\/v2\/types\/page"}],"author":[{"embeddable":true,"href":"https:\/\/dzidzio.com\/pl\/wp-json\/wp\/v2\/users\/1"}],"replies":[{"embeddable":true,"href":"https:\/\/dzidzio.com\/pl\/wp-json\/wp\/v2\/comments?post=25"}],"version-history":[{"count":3,"href":"https:\/\/dzidzio.com\/pl\/wp-json\/wp\/v2\/pages\/25\/revisions"}],"predecessor-version":[{"id":6685,"href":"https:\/\/dzidzio.com\/pl\/wp-json\/wp\/v2\/pages\/25\/revisions\/6685"}],"wp:featuredmedia":[{"embeddable":true,"href":"https:\/\/dzidzio.com\/pl\/wp-json\/"}],"wp:attachment":[{"href":"https:\/\/dzidzio.com\/pl\/wp-json\/wp\/v2\/media?parent=25"}],"curies":[{"name":"wp","href":"https:\/\/api.w.org\/{rel}","templated":true}]}}