{"id":3304,"date":"2017-11-17T16:56:15","date_gmt":"2017-11-17T14:56:15","guid":{"rendered":"https:\/\/dzidzio.com\/?page_id=3304"},"modified":"2018-06-07T12:30:22","modified_gmt":"2018-06-07T09:30:22","slug":"table-of-sizes","status":"publish","type":"page","link":"https:\/\/dzidzio.com\/en\/dzidzioshop\/table-of-sizes\/","title":{"rendered":"Table of sizes"},"content":{"rendered":"<p>[vc_row][vc_column][vc_custom_heading text=&#8221;Table of sizes:&#8221; use_theme_fonts=&#8221;yes&#8221; el_class=&#8221;dz-heading&#8221;][\/vc_column][\/vc_row][vc_row type=&#8221;vc_default&#8221; el_class=&#8221;dz-shop-products-greed&#8221; anchor=&#8221;products&#8221; el_id=&#8221;products&#8221;][vc_column width=&#8221;3\/4&#8243; el_class=&#8221;dz-shop-content&#8221;][vc_empty_space][vc_column_text]! IMPORTANT: if you don&#8217;t know your size, please, use our table of sizes.[\/vc_column_text][vc_column_text]<strong>ADULT T-SHIRTS\u00a0<\/strong><\/p>\n<p>\n<table id=\"tablepress-3-no-2\" class=\"tablepress tablepress-id-3\">\n<tbody class=\"row-hover\">\n<tr class=\"row-1 odd\">\n\t<td class=\"column-1\"><\/td><td class=\"column-2\"><\/td><td colspan=\"2\" class=\"column-3\"><strong>\u0427\u043e\u043b\u043e\u0432\u0456\u0447\u0456<\/strong><\/td><td colspan=\"2\" class=\"column-5\"><strong>\u0416\u0456\u043d\u043e\u0447\u0456<\/strong><\/td>\n<\/tr>\n<tr class=\"row-2 even\">\n\t<td rowspan=\"7\" class=\"column-1\"><img src=\"https:\/\/dzidzio.com\/wp-content\/uploads\/2018\/03\/Futbolka-e1520867362239.png\" alt=\"\" width=\"200\" height=\"200\" class=\"aligncenter size-full wp-image-4108\" \/><\/td><td class=\"column-2\"><font color=\"#e5007e\">\u0420\u043e\u0437\u043c\u0456\u0440<\/font><\/td><td class=\"column-3\">\u0428\u0438\u0440\u0438\u043d\u0430<br \/>\n(\u0441\u043c)<\/td><td class=\"column-4\">\u0414\u043e\u0432\u0436\u0438\u043d\u0430<br \/>\n(\u0441\u043c)<\/td><td class=\"column-5\">\u0428\u0438\u0440\u0438\u043d\u0430<br \/>\n(\u0441\u043c)<\/td><td class=\"column-6\">\u0414\u043e\u0432\u0436\u0438\u043d\u0430<br \/>\n(\u0441\u043c)<\/td>\n<\/tr>\n<tr class=\"row-3 odd\">\n\t<td class=\"column-2\"><font color=\"#e5007e\">XS<\/font><\/td><td class=\"column-3\">44<\/td><td class=\"column-4\">57<\/td><td class=\"column-5\">38<\/td><td class=\"column-6\">54<\/td>\n<\/tr>\n<tr class=\"row-4 even\">\n\t<td class=\"column-2\"><font color=\"#e5007e\">S<\/font><\/td><td class=\"column-3\">48<\/td><td class=\"column-4\">64<\/td><td class=\"column-5\">44<\/td><td class=\"column-6\">61<\/td>\n<\/tr>\n<tr class=\"row-5 odd\">\n\t<td class=\"column-2\"><font color=\"#e5007e\">M<\/font><\/td><td class=\"column-3\">50<\/td><td class=\"column-4\">69<\/td><td class=\"column-5\">47<\/td><td class=\"column-6\">63<\/td>\n<\/tr>\n<tr class=\"row-6 even\">\n\t<td class=\"column-2\"><font color=\"#e5007e\">L<\/font><\/td><td class=\"column-3\">53<\/td><td class=\"column-4\">71<\/td><td class=\"column-5\">50<\/td><td class=\"column-6\">65<\/td>\n<\/tr>\n<tr class=\"row-7 odd\">\n\t<td class=\"column-2\"><font color=\"#e5007e\">XL<\/font><\/td><td class=\"column-3\">56<\/td><td class=\"column-4\">73<\/td><td class=\"column-5\">54<\/td><td class=\"column-6\">67<\/td>\n<\/tr>\n<tr class=\"row-8 even\">\n\t<td class=\"column-2\"><font color=\"#e5007e\">XXL<\/font><\/td><td class=\"column-3\">59<\/td><td class=\"column-4\">75<\/td><td class=\"column-5\"><\/td><td class=\"column-6\"><\/td>\n<\/tr>\n<\/tbody>\n<\/table>\n[\/vc_column_text][vc_column_text]<strong>CHILDREN T-SHIRTS<\/strong><\/p>\n<p>\n<table id=\"tablepress-7-no-2\" class=\"tablepress tablepress-id-7\">\n<tbody class=\"row-hover\">\n<tr class=\"row-1 odd\">\n\t<td rowspan=\"5\" class=\"column-1\"><img src=\"https:\/\/dzidzio.com\/wp-content\/uploads\/2018\/03\/Futbolka-e1520867362239.png\" alt=\"\" width=\"200\" height=\"200\" class=\"aligncenter size-full wp-image-4108\" \/><\/td><td class=\"column-2\"><font color=\"#e5007e\">\u0420\u043e\u0437\u043c\u0456\u0440<\/font><\/td><td class=\"column-3\">\u0428\u0438\u0440\u0438\u043d\u0430<br \/>\n(\u0441\u043c)<\/td><td class=\"column-4\">\u0414\u043e\u0432\u0436\u0438\u043d\u0430<br \/>\n(\u0441\u043c)<\/td>\n<\/tr>\n<tr class=\"row-2 even\">\n\t<td class=\"column-2\"><font color=\"#e5007e\">XS (5-6 \u0440\u043e\u043a\u0456\u0432)<\/font><\/td><td class=\"column-3\">36<\/td><td class=\"column-4\">44<\/td>\n<\/tr>\n<tr class=\"row-3 odd\">\n\t<td class=\"column-2\"><font color=\"#e5007e\">S (7-8 \u0440\u043e\u043a\u0456\u0432)<\/font><\/td><td class=\"column-3\">39<\/td><td class=\"column-4\">50<\/td>\n<\/tr>\n<tr class=\"row-4 even\">\n\t<td class=\"column-2\"><font color=\"#e5007e\">M (9-10 \u0440\u043e\u043a\u0456\u0432)<\/font><\/td><td class=\"column-3\">42<\/td><td class=\"column-4\">54<\/td>\n<\/tr>\n<tr class=\"row-5 odd\">\n\t<td class=\"column-2\"><font color=\"#e5007e\">L (11-12 \u0440\u043e\u043a\u0456\u0432)<\/font><\/td><td class=\"column-3\">45<\/td><td class=\"column-4\">60<\/td>\n<\/tr>\n<\/tbody>\n<\/table>\n[\/vc_column_text][vc_column_text]<strong>SWEATSHIRT<\/strong><\/p>\n<p>\n<table id=\"tablepress-4-no-2\" class=\"tablepress tablepress-id-4 mobile-content-table\">\n<tbody class=\"row-hover\">\n<tr class=\"row-1 odd\">\n\t<td rowspan=\"5\" class=\"column-1\"><img src=\"https:\/\/dzidzio.com\/wp-content\/uploads\/2018\/03\/Svetr-e1520263198917.png\" alt=\"\" width=\"200\" height=\"200\" class=\"aligncenter size-full wp-image-4106\" \/><\/td><td class=\"column-2\"><font color=\"#e5007e\">\u0420\u043e\u0437\u043c\u0456\u0440<\/font><\/td><td class=\"column-3\">\u0428\u0438\u0440\u0438\u043d\u0430 <br \/>\n(\u0441\u043c)<\/td><td class=\"column-4\">\u0414\u043e\u0432\u0436\u0438\u043d\u0430<br \/>\n(\u0441\u043c)<\/td><td class=\"column-5\">\u0420\u0443\u043a\u0430\u0432 <br \/>\n(\u0441\u043c)<\/td>\n<\/tr>\n<tr class=\"row-2 even\">\n\t<td class=\"column-2\"><font color=\"#e5007e\">S<\/font><\/td><td class=\"column-3\">55<\/td><td class=\"column-4\">66<\/td><td class=\"column-5\">65<\/td>\n<\/tr>\n<tr class=\"row-3 odd\">\n\t<td class=\"column-2\"><font color=\"#e5007e\">M<\/font><\/td><td class=\"column-3\">57<\/td><td class=\"column-4\">67<\/td><td class=\"column-5\">66<\/td>\n<\/tr>\n<tr class=\"row-4 even\">\n\t<td class=\"column-2\"><font color=\"#e5007e\">L<\/font><\/td><td class=\"column-3\">61<\/td><td class=\"column-4\">68<\/td><td class=\"column-5\">67<\/td>\n<\/tr>\n<tr class=\"row-5 odd\">\n\t<td class=\"column-2\"><font color=\"#e5007e\">XL<\/font><\/td><td class=\"column-3\">64<\/td><td class=\"column-4\">69<\/td><td class=\"column-5\">68<\/td>\n<\/tr>\n<\/tbody>\n<\/table>\n[\/vc_column_text][vc_column_text]<strong>SLEEVELESS (unisex)<\/strong><\/p>\n<p>\n<table id=\"tablepress-5-no-2\" class=\"tablepress tablepress-id-5 mobile-content-table\">\n<tbody class=\"row-hover\">\n<tr class=\"row-1 odd\">\n\t<td rowspan=\"8\" class=\"column-1\"><img src=\"https:\/\/dzidzio.com\/wp-content\/uploads\/2018\/03\/Bezrukavka_polska-e1521109524785.png\" alt=\"\" width=\"200\" height=\"200\" class=\"aligncenter size-full wp-image-4230\" \/><\/td><td class=\"column-2\"><font color=\"#e5007e\">Rozmiar<\/font><\/td><td class=\"column-3\">SZEROKO\u015a\u0106<br \/>\n(cm)<\/td><td class=\"column-4\">D\u0141UGO\u015a\u0106<br \/>\n(cm)<\/td>\n<\/tr>\n<tr class=\"row-2 even\">\n\t<td class=\"column-2\"><font color=\"#e5007e\">S<\/font><\/td><td class=\"column-3\">56<\/td><td class=\"column-4\">71<\/td>\n<\/tr>\n<tr class=\"row-3 odd\">\n\t<td class=\"column-2\"><font color=\"#e5007e\">M<\/font><\/td><td class=\"column-3\">58<\/td><td class=\"column-4\">75<\/td>\n<\/tr>\n<tr class=\"row-4 even\">\n\t<td class=\"column-2\"><font color=\"#e5007e\">L<\/font><\/td><td class=\"column-3\">60<\/td><td class=\"column-4\">79<\/td>\n<\/tr>\n<tr class=\"row-5 odd\">\n\t<td class=\"column-2\"><font color=\"#e5007e\">XL<\/font><\/td><td class=\"column-3\">63<\/td><td class=\"column-4\">82<\/td>\n<\/tr>\n<tr class=\"row-6 even\">\n\t<td class=\"column-2\"><font color=\"#e5007e\">XXL<\/font><\/td><td class=\"column-3\">65<\/td><td class=\"column-4\">85<\/td>\n<\/tr>\n<tr class=\"row-7 odd\">\n\t<td class=\"column-2\"><font color=\"#e5007e\">XXXL<\/font><\/td><td class=\"column-3\">67<\/td><td class=\"column-4\">88<\/td>\n<\/tr>\n<tr class=\"row-8 even\">\n\t<td class=\"column-2\"><font color=\"#e5007e\">XXXXL<\/font><\/td><td class=\"column-3\">72<\/td><td class=\"column-4\">91<\/td>\n<\/tr>\n<\/tbody>\n<\/table>\n[\/vc_column_text][vc_column_text]<strong>WOMEN\/CHILDREN TRACKSUIT<\/strong><\/p>\n<p>\n<table id=\"tablepress-6-no-2\" class=\"tablepress tablepress-id-6 mobile-content-table\">\n<tbody class=\"row-hover\">\n<tr class=\"row-1 odd\">\n\t<td class=\"column-1\"><\/td><td colspan=\"4\" class=\"column-2\">\u041e\u041b\u0406\u041c\u041f\u0406\u0419\u041a\u0410<\/td><td colspan=\"2\" class=\"column-6\">\u0428\u0422\u0410\u041d\u0418<\/td>\n<\/tr>\n<tr class=\"row-2 even\">\n\t<td rowspan=\"18\" class=\"column-1\"><img src=\"https:\/\/dzidzio.com\/wp-content\/uploads\/2018\/03\/sportivna_kurtka-e1520867481469.png\" alt=\"\" width=\"200\" height=\"200\" class=\"aligncenter size-full wp-image-4107\" \/><br \/>\n<img src=\"https:\/\/dzidzio.com\/wp-content\/uploads\/2018\/03\/shtani_sport-e1520867517664.png\" alt=\"\" width=\"200\" height=\"200\" class=\"aligncenter size-full wp-image-4109\" \/><\/td><td class=\"column-2\"><font color=\"#e5007e\">\u0420\u043e\u0437\u043c\u0456\u0440<\/font><\/td><td class=\"column-3\">\u0428\u0438\u0440\u0438\u043d\u0430 <br \/>\n(\u0441\u043c)<\/td><td class=\"column-4\">\u0414\u043e\u0432\u0436\u0438\u043d\u0430<br \/>\n(\u0441\u043c)<\/td><td class=\"column-5\">\u0420\u0443\u043a\u0430\u0432 <br \/>\n(\u0441\u043c)<\/td><td class=\"column-6\">\u0428\u0438\u0440\u0438\u043d\u0430<br \/>\n(\u0441\u043c)<\/td><td class=\"column-7\">\u0414\u043e\u0432\u0436\u0438\u043d\u0430<br \/>\n(\u0441\u043c)<\/td>\n<\/tr>\n<tr class=\"row-3 odd\">\n\t<td class=\"column-2\"><font color=\"#e5007e\">104<\/font><\/td><td class=\"column-3\">33,5<\/td><td class=\"column-4\">43<\/td><td class=\"column-5\">49<\/td><td class=\"column-6\">28<\/td><td class=\"column-7\">64<\/td>\n<\/tr>\n<tr class=\"row-4 even\">\n\t<td class=\"column-2\"><font color=\"#e5007e\">110<\/font><\/td><td class=\"column-3\">35<\/td><td class=\"column-4\">45<\/td><td class=\"column-5\">52<\/td><td class=\"column-6\">29<\/td><td class=\"column-7\">67<\/td>\n<\/tr>\n<tr class=\"row-5 odd\">\n\t<td class=\"column-2\"><font color=\"#e5007e\">116<\/font><\/td><td class=\"column-3\">36,5<\/td><td class=\"column-4\">47<\/td><td class=\"column-5\">54<\/td><td class=\"column-6\">30<\/td><td class=\"column-7\">70<\/td>\n<\/tr>\n<tr class=\"row-6 even\">\n\t<td class=\"column-2\"><font color=\"#e5007e\">122<\/font><\/td><td class=\"column-3\">37<\/td><td class=\"column-4\">50<\/td><td class=\"column-5\">55<\/td><td class=\"column-6\">32<\/td><td class=\"column-7\">72<\/td>\n<\/tr>\n<tr class=\"row-7 odd\">\n\t<td class=\"column-2\"><font color=\"#e5007e\">128<\/font><\/td><td class=\"column-3\">39<\/td><td class=\"column-4\">52<\/td><td class=\"column-5\">58<\/td><td class=\"column-6\">35<\/td><td class=\"column-7\">76<\/td>\n<\/tr>\n<tr class=\"row-8 even\">\n\t<td class=\"column-2\"><font color=\"#e5007e\">134<\/font><\/td><td class=\"column-3\">40<\/td><td class=\"column-4\">54<\/td><td class=\"column-5\">59<\/td><td class=\"column-6\">37<\/td><td class=\"column-7\">80<\/td>\n<\/tr>\n<tr class=\"row-9 odd\">\n\t<td class=\"column-2\"><font color=\"#e5007e\">140<\/font><\/td><td class=\"column-3\">40,5<\/td><td class=\"column-4\">55<\/td><td class=\"column-5\">62<\/td><td class=\"column-6\">39<\/td><td class=\"column-7\">84<\/td>\n<\/tr>\n<tr class=\"row-10 even\">\n\t<td class=\"column-2\"><font color=\"#e5007e\">146<\/font><\/td><td class=\"column-3\">42<\/td><td class=\"column-4\">57<\/td><td class=\"column-5\">64<\/td><td class=\"column-6\">41<\/td><td class=\"column-7\">89<\/td>\n<\/tr>\n<tr class=\"row-11 odd\">\n\t<td class=\"column-2\"><font color=\"#e5007e\">152<\/font><\/td><td class=\"column-3\">44<\/td><td class=\"column-4\">59<\/td><td class=\"column-5\">66<\/td><td class=\"column-6\">43<\/td><td class=\"column-7\">93<\/td>\n<\/tr>\n<tr class=\"row-12 even\">\n\t<td class=\"column-2\"><font color=\"#e5007e\">158<\/font><\/td><td class=\"column-3\">47<\/td><td class=\"column-4\">61<\/td><td class=\"column-5\">69<\/td><td class=\"column-6\">44<\/td><td class=\"column-7\">96<\/td>\n<\/tr>\n<tr class=\"row-13 odd\">\n\t<td class=\"column-2\"><font color=\"#e5007e\">164<\/font><\/td><td class=\"column-3\">49<\/td><td class=\"column-4\">63<\/td><td class=\"column-5\">72<\/td><td class=\"column-6\">44,5<\/td><td class=\"column-7\">101<\/td>\n<\/tr>\n<tr class=\"row-14 even\">\n\t<td class=\"column-2\"><font color=\"#e5007e\">XS<\/font><\/td><td class=\"column-3\">43<\/td><td class=\"column-4\">55<\/td><td class=\"column-5\">69<\/td><td class=\"column-6\">40<\/td><td class=\"column-7\">103<\/td>\n<\/tr>\n<tr class=\"row-15 odd\">\n\t<td class=\"column-2\"><font color=\"#e5007e\">S<\/font><\/td><td class=\"column-3\">46<\/td><td class=\"column-4\">58<\/td><td class=\"column-5\">74<\/td><td class=\"column-6\">42<\/td><td class=\"column-7\">106<br \/>\n<\/td>\n<\/tr>\n<tr class=\"row-16 even\">\n\t<td class=\"column-2\"><font color=\"#e5007e\">M<\/font><\/td><td class=\"column-3\">48<\/td><td class=\"column-4\">61<\/td><td class=\"column-5\">78<\/td><td class=\"column-6\">45<\/td><td class=\"column-7\">109<\/td>\n<\/tr>\n<tr class=\"row-17 odd\">\n\t<td class=\"column-2\"><font color=\"#e5007e\">L<\/font><\/td><td class=\"column-3\">52<\/td><td class=\"column-4\">65<\/td><td class=\"column-5\">83<\/td><td class=\"column-6\">47<\/td><td class=\"column-7\">111<\/td>\n<\/tr>\n<tr class=\"row-18 even\">\n\t<td class=\"column-2\"><font color=\"#e5007e\">XL<\/font><\/td><td class=\"column-3\">56<\/td><td class=\"column-4\">68<\/td><td class=\"column-5\">86<\/td><td class=\"column-6\">50,5<\/td><td class=\"column-7\">116<\/td>\n<\/tr>\n<tr class=\"row-19 odd\">\n\t<td class=\"column-2\"><font color=\"#e5007e\">XXL<\/font><\/td><td class=\"column-3\">58,5<\/td><td class=\"column-4\">71<\/td><td class=\"column-5\">91<\/td><td class=\"column-6\">54<\/td><td class=\"column-7\">117<\/td>\n<\/tr>\n<\/tbody>\n<\/table>\n[\/vc_column_text][\/vc_column][vc_column width=&#8221;1\/4&#8243; el_class=&#8221;dz-shop-sidebar&#8221;][vc_widget_sidebar show_bg=&#8221;false&#8221; sidebar_id=&#8221;sidebar_1&#8243; el_class=&#8221;dz-dzshop-sidebar&#8221;][\/vc_column][\/vc_row]<\/p>","protected":false},"excerpt":{"rendered":"<p>[vc_row][vc_column][vc_custom_heading text=&#8221;Table of sizes:&#8221; use_theme_fonts=&#8221;yes&#8221; el_class=&#8221;dz-heading&#8221;][\/vc_column][\/vc_row][vc_row type=&#8221;vc_default&#8221; el_class=&#8221;dz-shop-products-greed&#8221; anchor=&#8221;products&#8221; el_id=&#8221;products&#8221;][vc_column width=&#8221;3\/4&#8243; el_class=&#8221;dz-shop-content&#8221;][vc_empty_space][vc_column_text]! IMPORTANT: if you don&#8217;t know your size, please, use our table of sizes.[\/vc_column_text][vc_column_text]ADULT T-SHIRTS\u00a0 [\/vc_column_text][vc_column_text]CHILDREN T-SHIRTS [\/vc_column_text][vc_column_text]SWEATSHIRT [\/vc_column_text][vc_column_text]SLEEVELESS (unisex) [\/vc_column_text][vc_column_text]WOMEN\/CHILDREN TRACKSUIT [\/vc_column_text][\/vc_column][vc_column width=&#8221;1\/4&#8243; el_class=&#8221;dz-shop-sidebar&#8221;][vc_widget_sidebar show_bg=&#8221;false&#8221; sidebar_id=&#8221;sidebar_1&#8243; el_class=&#8221;dz-dzshop-sidebar&#8221;][\/vc_column][\/vc_row]<\/p>\n","protected":false},"author":1,"featured_media":-1,"parent":1280,"menu_order":0,"comment_status":"closed","ping_status":"closed","template":"","meta":[],"yoast_head":"<!-- This site is optimized with the Yoast SEO plugin v18.5.1 - https:\/\/yoast.com\/wordpress\/plugins\/seo\/ -->\n<title>Table of sizes - Dzidzio<\/title>\n<meta name=\"robots\" content=\"index, follow, max-snippet:-1, max-image-preview:large, max-video-preview:-1\" \/>\n<link rel=\"canonical\" href=\"https:\/\/dzidzio.com\/en\/dzidzioshop\/table-of-sizes\/\" \/>\n<meta property=\"og:locale\" content=\"en_US\" \/>\n<meta property=\"og:type\" content=\"article\" \/>\n<meta property=\"og:title\" content=\"Table of sizes - Dzidzio\" \/>\n<meta property=\"og:description\" content=\"[vc_row][vc_column][vc_custom_heading text=&#8221;Table of sizes:&#8221; use_theme_fonts=&#8221;yes&#8221; el_class=&#8221;dz-heading&#8221;][\/vc_column][\/vc_row][vc_row type=&#8221;vc_default&#8221; el_class=&#8221;dz-shop-products-greed&#8221; anchor=&#8221;products&#8221; el_id=&#8221;products&#8221;][vc_column width=&#8221;3\/4&#8243; el_class=&#8221;dz-shop-content&#8221;][vc_empty_space][vc_column_text]! IMPORTANT: if you don&#8217;t know your size, please, use our table of sizes.[\/vc_column_text][vc_column_text]ADULT T-SHIRTS\u00a0 [\/vc_column_text][vc_column_text]CHILDREN T-SHIRTS [\/vc_column_text][vc_column_text]SWEATSHIRT [\/vc_column_text][vc_column_text]SLEEVELESS (unisex) [\/vc_column_text][vc_column_text]WOMEN\/CHILDREN TRACKSUIT [\/vc_column_text][\/vc_column][vc_column width=&#8221;1\/4&#8243; el_class=&#8221;dz-shop-sidebar&#8221;][vc_widget_sidebar show_bg=&#8221;false&#8221; sidebar_id=&#8221;sidebar_1&#8243; el_class=&#8221;dz-dzshop-sidebar&#8221;][\/vc_column][\/vc_row]\" \/>\n<meta property=\"og:url\" content=\"https:\/\/dzidzio.com\/en\/dzidzioshop\/table-of-sizes\/\" \/>\n<meta property=\"og:site_name\" content=\"Dzidzio\" \/>\n<meta property=\"article:modified_time\" content=\"2018-06-07T09:30:22+00:00\" \/>\n<meta name=\"twitter:card\" content=\"summary\" \/>\n<meta name=\"twitter:label1\" content=\"Est. reading time\" \/>\n\t<meta name=\"twitter:data1\" content=\"2 minutes\" \/>\n<script type=\"application\/ld+json\" class=\"yoast-schema-graph\">{\"@context\":\"https:\/\/schema.org\",\"@graph\":[{\"@type\":\"WebSite\",\"@id\":\"https:\/\/dzidzio.com\/en\/#website\",\"url\":\"https:\/\/dzidzio.com\/en\/\",\"name\":\"Dzidzio\",\"description\":\"\",\"potentialAction\":[{\"@type\":\"SearchAction\",\"target\":{\"@type\":\"EntryPoint\",\"urlTemplate\":\"https:\/\/dzidzio.com\/en\/?s={search_term_string}\"},\"query-input\":\"required name=search_term_string\"}],\"inLanguage\":\"en-US\"},{\"@type\":\"ImageObject\",\"@id\":\"https:\/\/dzidzio.com\/en\/dzidzioshop\/table-of-sizes\/#primaryimage\",\"inLanguage\":\"en-US\",\"url\":\"\",\"contentUrl\":\"\"},{\"@type\":\"WebPage\",\"@id\":\"https:\/\/dzidzio.com\/en\/dzidzioshop\/table-of-sizes\/#webpage\",\"url\":\"https:\/\/dzidzio.com\/en\/dzidzioshop\/table-of-sizes\/\",\"name\":\"Table of sizes - Dzidzio\",\"isPartOf\":{\"@id\":\"https:\/\/dzidzio.com\/en\/#website\"},\"primaryImageOfPage\":{\"@id\":\"https:\/\/dzidzio.com\/en\/dzidzioshop\/table-of-sizes\/#primaryimage\"},\"datePublished\":\"2017-11-17T14:56:15+00:00\",\"dateModified\":\"2018-06-07T09:30:22+00:00\",\"breadcrumb\":{\"@id\":\"https:\/\/dzidzio.com\/en\/dzidzioshop\/table-of-sizes\/#breadcrumb\"},\"inLanguage\":\"en-US\",\"potentialAction\":[{\"@type\":\"ReadAction\",\"target\":[[\"https:\/\/dzidzio.com\/en\/dzidzioshop\/table-of-sizes\/\"]]}]},{\"@type\":\"BreadcrumbList\",\"@id\":\"https:\/\/dzidzio.com\/en\/dzidzioshop\/table-of-sizes\/#breadcrumb\",\"itemListElement\":[{\"@type\":\"ListItem\",\"position\":1,\"name\":\"DZIDZIOSHOP\",\"item\":\"https:\/\/dzidzio.com\/en\/dzidzioshop\/\"},{\"@type\":\"ListItem\",\"position\":2,\"name\":\"\u0422\u0430\u0431\u043b\u0438\u0446\u044f \u0440\u043e\u0437\u043c\u0456\u0440\u0456\u0432\"}]}]}<\/script>\n<!-- \/ Yoast SEO plugin. -->","yoast_head_json":{"title":"Table of sizes - Dzidzio","robots":{"index":"index","follow":"follow","max-snippet":"max-snippet:-1","max-image-preview":"max-image-preview:large","max-video-preview":"max-video-preview:-1"},"canonical":"https:\/\/dzidzio.com\/en\/dzidzioshop\/table-of-sizes\/","og_locale":"en_US","og_type":"article","og_title":"Table of sizes - Dzidzio","og_description":"[vc_row][vc_column][vc_custom_heading text=&#8221;Table of sizes:&#8221; use_theme_fonts=&#8221;yes&#8221; el_class=&#8221;dz-heading&#8221;][\/vc_column][\/vc_row][vc_row type=&#8221;vc_default&#8221; el_class=&#8221;dz-shop-products-greed&#8221; anchor=&#8221;products&#8221; el_id=&#8221;products&#8221;][vc_column width=&#8221;3\/4&#8243; el_class=&#8221;dz-shop-content&#8221;][vc_empty_space][vc_column_text]! IMPORTANT: if you don&#8217;t know your size, please, use our table of sizes.[\/vc_column_text][vc_column_text]ADULT T-SHIRTS\u00a0 [\/vc_column_text][vc_column_text]CHILDREN T-SHIRTS [\/vc_column_text][vc_column_text]SWEATSHIRT [\/vc_column_text][vc_column_text]SLEEVELESS (unisex) [\/vc_column_text][vc_column_text]WOMEN\/CHILDREN TRACKSUIT [\/vc_column_text][\/vc_column][vc_column width=&#8221;1\/4&#8243; el_class=&#8221;dz-shop-sidebar&#8221;][vc_widget_sidebar show_bg=&#8221;false&#8221; sidebar_id=&#8221;sidebar_1&#8243; el_class=&#8221;dz-dzshop-sidebar&#8221;][\/vc_column][\/vc_row]","og_url":"https:\/\/dzidzio.com\/en\/dzidzioshop\/table-of-sizes\/","og_site_name":"Dzidzio","article_modified_time":"2018-06-07T09:30:22+00:00","twitter_card":"summary","twitter_misc":{"Est. reading time":"2 minutes"},"schema":{"@context":"https:\/\/schema.org","@graph":[{"@type":"WebSite","@id":"https:\/\/dzidzio.com\/en\/#website","url":"https:\/\/dzidzio.com\/en\/","name":"Dzidzio","description":"","potentialAction":[{"@type":"SearchAction","target":{"@type":"EntryPoint","urlTemplate":"https:\/\/dzidzio.com\/en\/?s={search_term_string}"},"query-input":"required name=search_term_string"}],"inLanguage":"en-US"},{"@type":"ImageObject","@id":"https:\/\/dzidzio.com\/en\/dzidzioshop\/table-of-sizes\/#primaryimage","inLanguage":"en-US","url":"","contentUrl":""},{"@type":"WebPage","@id":"https:\/\/dzidzio.com\/en\/dzidzioshop\/table-of-sizes\/#webpage","url":"https:\/\/dzidzio.com\/en\/dzidzioshop\/table-of-sizes\/","name":"Table of sizes - Dzidzio","isPartOf":{"@id":"https:\/\/dzidzio.com\/en\/#website"},"primaryImageOfPage":{"@id":"https:\/\/dzidzio.com\/en\/dzidzioshop\/table-of-sizes\/#primaryimage"},"datePublished":"2017-11-17T14:56:15+00:00","dateModified":"2018-06-07T09:30:22+00:00","breadcrumb":{"@id":"https:\/\/dzidzio.com\/en\/dzidzioshop\/table-of-sizes\/#breadcrumb"},"inLanguage":"en-US","potentialAction":[{"@type":"ReadAction","target":[["https:\/\/dzidzio.com\/en\/dzidzioshop\/table-of-sizes\/"]]}]},{"@type":"BreadcrumbList","@id":"https:\/\/dzidzio.com\/en\/dzidzioshop\/table-of-sizes\/#breadcrumb","itemListElement":[{"@type":"ListItem","position":1,"name":"DZIDZIOSHOP","item":"https:\/\/dzidzio.com\/en\/dzidzioshop\/"},{"@type":"ListItem","position":2,"name":"\u0422\u0430\u0431\u043b\u0438\u0446\u044f \u0440\u043e\u0437\u043c\u0456\u0440\u0456\u0432"}]}]}},"_links":{"self":[{"href":"https:\/\/dzidzio.com\/en\/wp-json\/wp\/v2\/pages\/3304"}],"collection":[{"href":"https:\/\/dzidzio.com\/en\/wp-json\/wp\/v2\/pages"}],"about":[{"href":"https:\/\/dzidzio.com\/en\/wp-json\/wp\/v2\/types\/page"}],"author":[{"embeddable":true,"href":"https:\/\/dzidzio.com\/en\/wp-json\/wp\/v2\/users\/1"}],"replies":[{"embeddable":true,"href":"https:\/\/dzidzio.com\/en\/wp-json\/wp\/v2\/comments?post=3304"}],"version-history":[{"count":0,"href":"https:\/\/dzidzio.com\/en\/wp-json\/wp\/v2\/pages\/3304\/revisions"}],"up":[{"embeddable":true,"href":"https:\/\/dzidzio.com\/en\/wp-json\/wp\/v2\/pages\/1280"}],"wp:featuredmedia":[{"embeddable":true,"href":"https:\/\/dzidzio.com\/en\/wp-json\/"}],"wp:attachment":[{"href":"https:\/\/dzidzio.com\/en\/wp-json\/wp\/v2\/media?parent=3304"}],"curies":[{"name":"wp","href":"https:\/\/api.w.org\/{rel}","templated":true}]}}